{"id":5975,"date":"2025-06-11T07:31:28","date_gmt":"2025-06-11T07:31:28","guid":{"rendered":"https:\/\/dayiextrudermachine.com\/?post_type=product&#038;p=5975"},"modified":"2026-01-29T02:06:56","modified_gmt":"2026-01-29T02:06:56","slug":"corn-puff-machine-price-puffed-snack-food-machine","status":"publish","type":"product","link":"https:\/\/dayiextrudermachine.com\/pt\/produto\/corn-puff-machine-price-puffed-snack-food-machine\/","title":{"rendered":"corn puff machine price puffed snack food machine"},"content":{"rendered":"<p>Fundada em 1996, a Jinan Dayi Extrusion Machinery Co., Ltd tem sido a fabricante profissional e a empresa modelo de m\u00e1quinas de extrus\u00e3o de alimentos avan\u00e7adas e altamente eficientes nesse campo. A DAYI Company re\u00fane uma equipe de especialistas com vinte anos de experi\u00eancia nesse setor de m\u00e1quinas de extrus\u00e3o, n\u00e3o apenas trabalhando duro para pesquisar constantemente a tecnologia de extrus\u00e3o, mas tamb\u00e9m explorando processos aliment\u00edcios para beneficiar nossos clientes que produzem alimentos criativos.<\/p>\n<p><img fetchpriority=\"high\" decoding=\"async\" class=\"alignnone wp-image-5757\" src=\"https:\/\/dayiextrudermachine.com\/wp-content\/uploads\/2025\/04\/factory.jpg\" alt=\"\" width=\"1327\" height=\"396\" srcset=\"https:\/\/dayiextrudermachine.com\/wp-content\/uploads\/2025\/04\/factory.jpg 1079w, https:\/\/dayiextrudermachine.com\/wp-content\/uploads\/2025\/04\/factory-300x90.jpg 300w, https:\/\/dayiextrudermachine.com\/wp-content\/uploads\/2025\/04\/factory-1024x306.jpg 1024w, https:\/\/dayiextrudermachine.com\/wp-content\/uploads\/2025\/04\/factory-768x229.jpg 768w, https:\/\/dayiextrudermachine.com\/wp-content\/uploads\/2025\/04\/factory-600x179.jpg 600w\" sizes=\"(max-width: 1327px) 100vw, 1327px\" \/><br \/>\nAfter years of research and development, our single and double screw extrusion technique has been widely applied to produce the following products: puffed snacks, core-filling snacks, breakfast cereal \/ corn flakes, 2d\/3d pellet, textured soya protein\/fibre protein\/vegetarian meat, doritos\/ tortilla chips, cheetos\/niknak\/kurkure, ball\/butterfly popcorn, fried flour food, bread crumb, nutritional rice\/ artificial rice, nutritional powder\/baby food powder, and pet food, etc. More than twenty production lines with different functions and capacities can be chosen. And we can also provide customized service for special requirements.<\/p>\n<p>&#8220;Create Greatest Value for Clients&#8221; is our consistent concept and the base of long-term cooperation with clients. In these years, our machines have large domestic market share. \u00a0Some food companies famous now grew up together with us, and many influential large food companies and groups have chosen us and set up long-term cooperation, such as, China Oishi Food Company (headquarters in Philippines), Panpan Food (Fuyuan Group), Hsufuchi Group, Fujian Qinqin Incorporated, Wangwang Group, Master Kong Company, Tianjin Longkang Company, Jiangsu VV Group, Fuwa Group, Gloden Monkey Food Company, Hebei Dingda Food Group, Hangzhou Daen company, etc.<br \/>\nProcess flow of fried wheat flour snack production line:\u00a0Mixer &#8211; Spiral extractor &#8211; Twin screw host &#8211; Traction cutting machine &#8211; Automatic fryer &#8211; Drum seasoning line<\/p>\n<p><img decoding=\"async\" class=\"alignnone wp-image-5754\" src=\"https:\/\/dayiextrudermachine.com\/wp-content\/uploads\/2025\/04\/extruder-machine.jpg\" alt=\"\" width=\"1317\" height=\"425\" srcset=\"https:\/\/dayiextrudermachine.com\/wp-content\/uploads\/2025\/04\/extruder-machine.jpg 1069w, https:\/\/dayiextrudermachine.com\/wp-content\/uploads\/2025\/04\/extruder-machine-300x97.jpg 300w, https:\/\/dayiextrudermachine.com\/wp-content\/uploads\/2025\/04\/extruder-machine-1024x330.jpg 1024w, https:\/\/dayiextrudermachine.com\/wp-content\/uploads\/2025\/04\/extruder-machine-768x248.jpg 768w, https:\/\/dayiextrudermachine.com\/wp-content\/uploads\/2025\/04\/extruder-machine-600x194.jpg 600w\" sizes=\"(max-width: 1317px) 100vw, 1317px\" \/><\/p>\n<p>Introduction to the main functions of each equipment on the production line:<br \/>\n1. Mixer: Mix the raw materials and a certain amount of water required for production thoroughly and evenly to form the necessary materials for production.<br \/>\n2. Spiral feeder: The mixed raw materials are transported to the feeding hopper of the extruder, and the use of spiral rod feeding can ensure uniform and stable feeding without easy scattering. The spiral rod also has the function of secondary stirring.<br \/>\n3. Twin screw host: The mixed production materials are extruded and expanded, and the materials are subjected to high-temperature and high-pressure extrusion and kneading in the extruder, and finally extruded and formed by the extruder.<br \/>\n4. Traction cutting machine: Pulling and cutting semi-finished products into products of the same size and shape.<br \/>\n5. Automatic fryer: Fry the cut product to make it crispy in taste. Automatic fryers are easy to control temperature, highly automated, and evenly fried.<br \/>\n6. Octagonal seasoning machine: The fried product is seasoned, and the flavor can be determined according to production needs. Our company also has various seasoning equipment configurations.<\/p>\n<p>Meanwhile, our machines have been exported to about fifty countries and regions for these twenty years, such as Malaysia, Indonesia, Philippines, Vietnam, Cambodia, Thailand, Japan, South Korea, India, Pakistan, Russia, Kazakhstan, Uzbekistan, Turkmenistan, Jordan, Iran, Israel, UAE, Egypt, South Africa, Algeria, Congo, Netherlands, Poland, Macedonia, Czech, Brazil, Argentina, Mexico, Australia, etc. Dayi machines have gained high reputation for the high quality, low cost, and low consumption. And we will continuously provide the best machines and best services.<\/p>\n<p><img decoding=\"async\" class=\"alignnone size-full wp-image-5749\" src=\"https:\/\/dayiextrudermachine.com\/wp-content\/uploads\/2025\/04\/\u8bc1\u4e66-1.png\" alt=\"\" width=\"1316\" height=\"452\" srcset=\"https:\/\/dayiextrudermachine.com\/wp-content\/uploads\/2025\/04\/\u8bc1\u4e66-1.png 1316w, https:\/\/dayiextrudermachine.com\/wp-content\/uploads\/2025\/04\/\u8bc1\u4e66-1-300x103.png 300w, https:\/\/dayiextrudermachine.com\/wp-content\/uploads\/2025\/04\/\u8bc1\u4e66-1-1024x352.png 1024w, https:\/\/dayiextrudermachine.com\/wp-content\/uploads\/2025\/04\/\u8bc1\u4e66-1-768x264.png 768w, https:\/\/dayiextrudermachine.com\/wp-content\/uploads\/2025\/04\/\u8bc1\u4e66-1-600x206.png 600w\" sizes=\"(max-width: 1316px) 100vw, 1316px\" \/><\/p>\n<p>Generally questions you will meet during you choose the suitable machine:<br \/>\n1.if ours country&#8217;s power supply is not 3ph 380v 50hz,different as you use in china,could you afford the suitable machine to us?<br \/>\nDAYI:Yes,we can afford the suitable machine accrodingly your power supply,for eg:3ph 415v 50hz,3ph 380v 60hz,3ph 440v 60hz,3ph 220v,60hz.<\/p>\n<p>2.what is the material for the case of the machine?<br \/>\nDAYI:We use all stainless steel for the parts directly connect with the food.<\/p>\n<p>3.what is the brand of Motor?eletronic components?<br \/>\nDAYI: We use ABB or SIEMENS,it depends on your requirements.<\/p>\n<p>4.If i can use one production line to produce many different snack?<br \/>\nDAYI:one produciton line can produce only one category,but can produce different shape with change different molds.<\/p>\n<p>5.what kind of fuel we can choose to start production?<br \/>\nDAYI:You can choose gas,diesel,eletricity as fuel,but pls tell your idea to our sales when you ask for quotaiton.<\/p>\n<p>6.Could we visit your factory to check the machine carefully?<br \/>\nDAYI:Of course,we warmly welcome your coming to our factory to discuss of the detail.<\/p>\n<p>7.How long is your machine&#8217;s gurantee time?<br \/>\nDAYI:Normally our gurantee time is one year except for the easy broken parts.<\/p>\n<p>8.Could you afford technician team to help ours installation and commissioning?<br \/>\nDAYI: We can send technician team to your country to help installation,we have professional teams with rich experience to do this job.<\/p>\n<p>9:If we have very special requests for the production line,could you help me to work on it?<br \/>\nDAYI:Yes,we can afford customerized service, we have one technical team to focus on this job,so they can afford the best service to you.<\/p>","protected":false},"excerpt":{"rendered":"<p>Established in 1996, Jinan Dayi Extrusion Machinery Co., Ltd has been the professional manufacturer and the model company for advanced and high efficient extrusion food machinery in this field. DAYI Company congregates an expert team with twenty-year experiences in this extrusion machine industry, not only working hard to constantly researching extrusion technology, but also exploring [&hellip;]<\/p>\n","protected":false},"featured_media":6253,"template":"","meta":{"_acf_changed":false},"product_brand":[],"product_cat":[106],"product_tag":[151,120,132,134,135],"class_list":{"0":"post-5975","1":"product","2":"type-product","3":"status-publish","4":"has-post-thumbnail","6":"product_cat-puffed-snack-food-machine","7":"product_tag-corn-puff-machine-price","8":"product_tag-puffed-snack-food-making-machine","9":"product_tag-puffed-snacks-extruder","10":"product_tag-snack-extruder-machine","11":"product_tag-snacks-making-machine","13":"first","14":"instock","15":"shipping-taxable","16":"product-type-simple"},"acf":[],"_links":{"self":[{"href":"https:\/\/dayiextrudermachine.com\/pt\/wp-json\/wp\/v2\/product\/5975","targetHints":{"allow":["GET"]}}],"collection":[{"href":"https:\/\/dayiextrudermachine.com\/pt\/wp-json\/wp\/v2\/product"}],"about":[{"href":"https:\/\/dayiextrudermachine.com\/pt\/wp-json\/wp\/v2\/types\/product"}],"wp:featuredmedia":[{"embeddable":true,"href":"https:\/\/dayiextrudermachine.com\/pt\/wp-json\/wp\/v2\/media\/6253"}],"wp:attachment":[{"href":"https:\/\/dayiextrudermachine.com\/pt\/wp-json\/wp\/v2\/media?parent=5975"}],"wp:term":[{"taxonomy":"product_brand","embeddable":true,"href":"https:\/\/dayiextrudermachine.com\/pt\/wp-json\/wp\/v2\/product_brand?post=5975"},{"taxonomy":"product_cat","embeddable":true,"href":"https:\/\/dayiextrudermachine.com\/pt\/wp-json\/wp\/v2\/product_cat?post=5975"},{"taxonomy":"product_tag","embeddable":true,"href":"https:\/\/dayiextrudermachine.com\/pt\/wp-json\/wp\/v2\/product_tag?post=5975"}],"curies":[{"name":"wp","href":"https:\/\/api.w.org\/{rel}","templated":true}]}}