{"id":5905,"date":"2025-05-08T08:17:40","date_gmt":"2025-05-08T08:17:40","guid":{"rendered":"https:\/\/dayiextrudermachine.com\/?post_type=product&#038;p=5905"},"modified":"2026-01-29T03:08:55","modified_gmt":"2026-01-29T03:08:55","slug":"pet-food-forming-machine-dog-food-making-machine-pet-food-production-line","status":"publish","type":"product","link":"https:\/\/dayiextrudermachine.com\/pt\/produto\/pet-food-forming-machine-dog-food-making-machine-pet-food-production-line\/","title":{"rendered":"pet food forming machine dog food making machine pet food production line"},"content":{"rendered":"<p><strong>Dog cat daily pet food processing line\u00a0<\/strong><br \/>\nBrief decription:<\/p>\n<p>This Dog cat daily pet food processing line endues pet food with the amount of nutrition, digestible structure, novel shape, and unique taste to meet with the needs of modern market. With the increasing variety of pet, people require more and more different pet foods. In order to meet various feeding demands.Our company develped this pet food processing line.<\/p>\n<p>Easy operation and accurate control can ensure the food quaility under stable temperature, pressure, humidity and other circumstances. This pet food processing line maily uses the meat meal, fish meal, bone powder, corn powder, soya meal and other garins powder as raw materials to produce the innovative shapes, high nutritional and savory state pet food for dog, cat, fox, bird, and also the floating or sinking fish shrimp feed.<\/p>\n<p><strong>Production Flow:\u00a0<\/strong><br \/>\nFlour Mixer \u2192\u00a0Double-screw Extruder \u2192\u00a0Conveyor \u2192\u00a0Dryer \u2192\u00a0Elevator \u2192\u00a0Coating Line \u2192\u00a0Cooling Conveyor<\/p>\n<p><img fetchpriority=\"high\" decoding=\"async\" class=\"alignnone size-full wp-image-5754\" src=\"https:\/\/dayiextrudermachine.com\/wp-content\/uploads\/2025\/04\/extruder-machine.jpg\" alt=\"\" width=\"1069\" height=\"345\" srcset=\"https:\/\/dayiextrudermachine.com\/wp-content\/uploads\/2025\/04\/extruder-machine.jpg 1069w, https:\/\/dayiextrudermachine.com\/wp-content\/uploads\/2025\/04\/extruder-machine-300x97.jpg 300w, https:\/\/dayiextrudermachine.com\/wp-content\/uploads\/2025\/04\/extruder-machine-1024x330.jpg 1024w, https:\/\/dayiextrudermachine.com\/wp-content\/uploads\/2025\/04\/extruder-machine-768x248.jpg 768w, https:\/\/dayiextrudermachine.com\/wp-content\/uploads\/2025\/04\/extruder-machine-600x194.jpg 600w\" sizes=\"(max-width: 1069px) 100vw, 1069px\" \/><\/p>\n<p><img decoding=\"async\" class=\"alignnone size-full wp-image-5749\" src=\"https:\/\/dayiextrudermachine.com\/wp-content\/uploads\/2025\/04\/\u8bc1\u4e66-1.png\" alt=\"\" width=\"1316\" height=\"452\" srcset=\"https:\/\/dayiextrudermachine.com\/wp-content\/uploads\/2025\/04\/\u8bc1\u4e66-1.png 1316w, https:\/\/dayiextrudermachine.com\/wp-content\/uploads\/2025\/04\/\u8bc1\u4e66-1-300x103.png 300w, https:\/\/dayiextrudermachine.com\/wp-content\/uploads\/2025\/04\/\u8bc1\u4e66-1-1024x352.png 1024w, https:\/\/dayiextrudermachine.com\/wp-content\/uploads\/2025\/04\/\u8bc1\u4e66-1-768x264.png 768w, https:\/\/dayiextrudermachine.com\/wp-content\/uploads\/2025\/04\/\u8bc1\u4e66-1-600x206.png 600w\" sizes=\"(max-width: 1316px) 100vw, 1316px\" \/><img decoding=\"async\" class=\"alignnone size-full wp-image-5771\" src=\"https:\/\/dayiextrudermachine.com\/wp-content\/uploads\/2025\/04\/workshop.jpg\" alt=\"\" width=\"1280\" height=\"960\" srcset=\"https:\/\/dayiextrudermachine.com\/wp-content\/uploads\/2025\/04\/workshop.jpg 1280w, https:\/\/dayiextrudermachine.com\/wp-content\/uploads\/2025\/04\/workshop-300x225.jpg 300w, https:\/\/dayiextrudermachine.com\/wp-content\/uploads\/2025\/04\/workshop-1024x768.jpg 1024w, https:\/\/dayiextrudermachine.com\/wp-content\/uploads\/2025\/04\/workshop-768x576.jpg 768w, https:\/\/dayiextrudermachine.com\/wp-content\/uploads\/2025\/04\/workshop-600x450.jpg 600w\" sizes=\"(max-width: 1280px) 100vw, 1280px\" \/><\/p>\n<p>Fundada em 1996, a Jinan Dayi Extrusion Machinery Co., Ltd tem sido a fabricante profissional e a empresa modelo de m\u00e1quinas de extrus\u00e3o de alimentos avan\u00e7adas e altamente eficientes nesse campo. A DAYI Company re\u00fane uma equipe de especialistas com vinte anos de experi\u00eancia nesse setor de m\u00e1quinas de extrus\u00e3o, n\u00e3o apenas trabalhando duro para pesquisar constantemente a tecnologia de extrus\u00e3o, mas tamb\u00e9m explorando processos aliment\u00edcios para beneficiar nossos clientes que produzem alimentos criativos.<\/p>\n<p>After years of research and development, our single and double screw extrusion technique has been widely applied to produce the following products: puffed snacks, core-filling snacks, breakfast cereal \/ corn flakes, 2d\/3d pellet, textured soya protein\/fibre protein\/vegetarian meat, doritos\/ tortilla chips, cheetos\/niknak\/kurkure, ball\/butterfly popcorn, fried flour food, bread crumb, nutritional rice\/ artificial rice, nutritional powder\/baby food powder, and pet food, etc. More than twenty production lines with different functions and capacities can be chosen. And we can also provide customized service for special requirements.<\/p>\n<p>&#8220;Create Greatest Value for Clients&#8221; is our consistent concept and the base of long-term cooperation with clients. In these years, our machines have large domestic market share. \u00a0Some food companies famous now grew up together with us, and many influential large food companies and groups have chosen us and set up long-term cooperation, such as, China Oishi Food Company (headquarters in Philippines), Panpan Food (Fuyuan Group), Hsufuchi Group, Fujian Qinqin Incorporated, Wangwang Group, Master Kong Company, Tianjin Longkang Company, Jiangsu VV Group, Fuwa Group, Gloden Monkey Food Company, Hebei Dingda Food Group, Hangzhou Daen company, etc.<\/p>\n<p>Meanwhile, our machines have been exported to about fifty countries and regions for these twenty years, such as Malaysia, Indonesia, Philippines, Vietnam, Cambodia, Thailand, Japan, South Korea, India, Pakistan, Russia, Kazakhstan, Uzbekistan, Turkmenistan, Jordan, Iran, Israel, UAE, Egypt, South Africa, Algeria, Congo, Netherlands, Poland, Macedonia, Czech, Brazil, Argentina, Mexico, Australia, etc. Dayi machines have gained high reputation for the high quality, low cost, and low consumption. And we will continuously provide the best machines and best services.<\/p>\n<p>Q: Are you a trade company or a manufacturer?<br \/>\nA: we are a manufacturer, welcome to visit our factory and check the machines.<\/p>\n<p>Q: How long is your delivery time?<br \/>\nA: Generally it is 5-10 days if the goods are in stock. or it is 15-20 days if the goods are not in stock, we could discuss before contract.<\/p>\n<p>Q: Could you supply all the parameters about the machines?<br \/>\nA: Yes, we will supply all the parameters, price, layout drawing, factory design etc.<\/p>\n<p>Q: What is your terms of payment ?<br \/>\nA: 30% T\/T in advance , 70% balance before shipment after inspection.<\/p>\n<p>Q: How about the after-service?<br \/>\nA: We will provide 24 hours on line service and professional on line training.<\/p>\n<p>Q:Do you supply any formula to buyer?<br \/>\nA: yes, we supply formulas to buyer.<\/p>\n<p>Q: How about the machine warranty?<br \/>\nA: We provide 1 year warranty, Lifetime service<\/p>","protected":false},"excerpt":{"rendered":"<p>Fundada em 1996, a Jinan Dayi Extrusion Machinery Co., Ltd tem sido a fabricante profissional e a empresa modelo de m\u00e1quinas de extrus\u00e3o de alimentos avan\u00e7adas e altamente eficientes nesse campo. A DAYI Company re\u00fane uma equipe de especialistas com vinte anos de experi\u00eancia nesse setor de m\u00e1quinas de extrus\u00e3o, n\u00e3o apenas trabalhando duro para pesquisar constantemente a tecnologia de extrus\u00e3o, mas tamb\u00e9m explorando processos aliment\u00edcios para beneficiar nossos clientes que produzem alimentos criativos.<\/p>","protected":false},"featured_media":6259,"template":"","meta":{"_acf_changed":false},"product_brand":[],"product_cat":[113],"product_tag":[115,118,114],"class_list":{"0":"post-5905","1":"product","2":"type-product","3":"status-publish","4":"has-post-thumbnail","6":"product_cat-pet-food-production-line","7":"product_tag-dog-food-making-machine","8":"product_tag-double-screw-extruder","9":"product_tag-pet-food-production-line","11":"first","12":"instock","13":"shipping-taxable","14":"product-type-simple"},"acf":[],"_links":{"self":[{"href":"https:\/\/dayiextrudermachine.com\/pt\/wp-json\/wp\/v2\/product\/5905","targetHints":{"allow":["GET"]}}],"collection":[{"href":"https:\/\/dayiextrudermachine.com\/pt\/wp-json\/wp\/v2\/product"}],"about":[{"href":"https:\/\/dayiextrudermachine.com\/pt\/wp-json\/wp\/v2\/types\/product"}],"wp:featuredmedia":[{"embeddable":true,"href":"https:\/\/dayiextrudermachine.com\/pt\/wp-json\/wp\/v2\/media\/6259"}],"wp:attachment":[{"href":"https:\/\/dayiextrudermachine.com\/pt\/wp-json\/wp\/v2\/media?parent=5905"}],"wp:term":[{"taxonomy":"product_brand","embeddable":true,"href":"https:\/\/dayiextrudermachine.com\/pt\/wp-json\/wp\/v2\/product_brand?post=5905"},{"taxonomy":"product_cat","embeddable":true,"href":"https:\/\/dayiextrudermachine.com\/pt\/wp-json\/wp\/v2\/product_cat?post=5905"},{"taxonomy":"product_tag","embeddable":true,"href":"https:\/\/dayiextrudermachine.com\/pt\/wp-json\/wp\/v2\/product_tag?post=5905"}],"curies":[{"name":"wp","href":"https:\/\/api.w.org\/{rel}","templated":true}]}}