{"id":7076,"date":"2026-03-18T02:04:29","date_gmt":"2026-03-18T02:04:29","guid":{"rendered":"https:\/\/dayiextrudermachine.com\/?post_type=product&#038;p=7076"},"modified":"2026-03-20T02:25:43","modified_gmt":"2026-03-20T02:25:43","slug":"puffed-snack-food-making-machine-snack-food-extruder","status":"publish","type":"product","link":"https:\/\/dayiextrudermachine.com\/fr\/produit\/puffed-snack-food-making-machine-snack-food-extruder\/","title":{"rendered":"Puffed snack food making machine snack food extruder"},"content":{"rendered":"<h2 class=\"elementor-heading-title elementor-size-default\">Puffed Snack Food Machines Application<\/h2>\n<p>Puffed snack food machines are used in snack food factory with larger or medium size snacks processing plant. Because of the high production efficiency and hygienic food,fully automatic puffed snack food production line ensures the investors with less production cost and more market share, therefore gain better return of investment.<\/p>\n<p>And, small scale puffed snack food making machine is good for food processing company who plan to start on small business.<\/p>\n<p>Besides, machine for snacks can also customized the line to make puffed snack food, bread crumbs , baby food, etc.<\/p>\n<p><img fetchpriority=\"high\" decoding=\"async\" class=\"alignnone size-full wp-image-7102\" src=\"https:\/\/dayiextrudermachine.com\/wp-content\/uploads\/2026\/03\/\u81a8\u5316\u9ad8\u6e05\u56fe\u7247-scaled.jpg\" alt=\"\" width=\"2560\" height=\"1187\" srcset=\"https:\/\/dayiextrudermachine.com\/wp-content\/uploads\/2026\/03\/\u81a8\u5316\u9ad8\u6e05\u56fe\u7247-scaled.jpg 2560w, https:\/\/dayiextrudermachine.com\/wp-content\/uploads\/2026\/03\/\u81a8\u5316\u9ad8\u6e05\u56fe\u7247-300x139.jpg 300w, https:\/\/dayiextrudermachine.com\/wp-content\/uploads\/2026\/03\/\u81a8\u5316\u9ad8\u6e05\u56fe\u7247-1024x475.jpg 1024w, https:\/\/dayiextrudermachine.com\/wp-content\/uploads\/2026\/03\/\u81a8\u5316\u9ad8\u6e05\u56fe\u7247-768x356.jpg 768w, https:\/\/dayiextrudermachine.com\/wp-content\/uploads\/2026\/03\/\u81a8\u5316\u9ad8\u6e05\u56fe\u7247-1536x712.jpg 1536w, https:\/\/dayiextrudermachine.com\/wp-content\/uploads\/2026\/03\/\u81a8\u5316\u9ad8\u6e05\u56fe\u7247-2048x950.jpg 2048w, https:\/\/dayiextrudermachine.com\/wp-content\/uploads\/2026\/03\/\u81a8\u5316\u9ad8\u6e05\u56fe\u7247-18x8.jpg 18w, https:\/\/dayiextrudermachine.com\/wp-content\/uploads\/2026\/03\/\u81a8\u5316\u9ad8\u6e05\u56fe\u7247-600x278.jpg 600w\" sizes=\"(max-width: 2560px) 100vw, 2560px\" \/><\/p>\n<h2 class=\"elementor-heading-title elementor-size-default\">Puffed snack food Machine Introduction<\/h2>\n<p><strong>Puffed snack food Maker Description<\/strong><br \/>\nPuffed snack food making machine is a snack processing solution on mixing, screw conveyor, extruding, drying, seasoning and packing. And the snack food lines is of high capacity, super efficiency with qualified and hygienic foods.<\/p>\n<p>While to meet different business demand, we have designed small production line with capacity 100-150kg\/h or 150-200kg\/h. But also we designed puffed snack food fully automatic machine with capacity upto 500KG\/H and higher capacity can be customized.<\/p>\n<p><img decoding=\"async\" class=\"alignnone size-full wp-image-7103\" src=\"https:\/\/dayiextrudermachine.com\/wp-content\/uploads\/2026\/03\/puffedsnackfood-scaled.jpg\" alt=\"\" width=\"2560\" height=\"1492\" srcset=\"https:\/\/dayiextrudermachine.com\/wp-content\/uploads\/2026\/03\/puffedsnackfood-scaled.jpg 2560w, https:\/\/dayiextrudermachine.com\/wp-content\/uploads\/2026\/03\/puffedsnackfood-300x175.jpg 300w, https:\/\/dayiextrudermachine.com\/wp-content\/uploads\/2026\/03\/puffedsnackfood-1024x597.jpg 1024w, https:\/\/dayiextrudermachine.com\/wp-content\/uploads\/2026\/03\/puffedsnackfood-768x448.jpg 768w, https:\/\/dayiextrudermachine.com\/wp-content\/uploads\/2026\/03\/puffedsnackfood-1536x895.jpg 1536w, https:\/\/dayiextrudermachine.com\/wp-content\/uploads\/2026\/03\/puffedsnackfood-2048x1194.jpg 2048w, https:\/\/dayiextrudermachine.com\/wp-content\/uploads\/2026\/03\/puffedsnackfood-18x10.jpg 18w, https:\/\/dayiextrudermachine.com\/wp-content\/uploads\/2026\/03\/puffedsnackfood-600x350.jpg 600w\" sizes=\"(max-width: 2560px) 100vw, 2560px\" \/><\/p>\n<p><strong>Puffed snack food Maker Machine Specification<\/strong><br \/>\nHeating Method: Electric heating \/ Gas Heating<\/p>\n<p>Machine Materials: Food grade 304 stainless streel materials, best quality made<\/p>\n<p>Oil Heating Temperature: 0\u2103 to 310\u2103 \uff08Fahrenheit 32\u00b0F to 572.0 \u00b0F \uff09<\/p>\n<p>Ratio of corn flour and snack food: 4 : 1 for references.<\/p>\n<p>Capacity: 150KG\/H to 1000KG\/H (higher snack food extruder is able to be customized)<\/p>\n<p>Factory space requirement: We can customized the production line based on the factory size and floor plan.<\/p>\n<p><img decoding=\"async\" class=\"alignnone size-full wp-image-7077\" src=\"https:\/\/dayiextrudermachine.com\/wp-content\/uploads\/2026\/03\/\u6d41\u7a0b\u56fe-scaled.jpg\" alt=\"\" width=\"2560\" height=\"990\" srcset=\"https:\/\/dayiextrudermachine.com\/wp-content\/uploads\/2026\/03\/\u6d41\u7a0b\u56fe-scaled.jpg 2560w, https:\/\/dayiextrudermachine.com\/wp-content\/uploads\/2026\/03\/\u6d41\u7a0b\u56fe-300x116.jpg 300w, https:\/\/dayiextrudermachine.com\/wp-content\/uploads\/2026\/03\/\u6d41\u7a0b\u56fe-1024x396.jpg 1024w, https:\/\/dayiextrudermachine.com\/wp-content\/uploads\/2026\/03\/\u6d41\u7a0b\u56fe-768x297.jpg 768w, https:\/\/dayiextrudermachine.com\/wp-content\/uploads\/2026\/03\/\u6d41\u7a0b\u56fe-1536x594.jpg 1536w, https:\/\/dayiextrudermachine.com\/wp-content\/uploads\/2026\/03\/\u6d41\u7a0b\u56fe-2048x792.jpg 2048w, https:\/\/dayiextrudermachine.com\/wp-content\/uploads\/2026\/03\/\u6d41\u7a0b\u56fe-18x7.jpg 18w, https:\/\/dayiextrudermachine.com\/wp-content\/uploads\/2026\/03\/\u6d41\u7a0b\u56fe-600x232.jpg 600w\" sizes=\"(max-width: 2560px) 100vw, 2560px\" \/><\/p>\n<h2 class=\"elementor-heading-title elementor-size-default\">Puffed Snack Food Production Line Features<\/h2>\n<p>High Automation: corn snack machine is highly automated, reducing the need for manual labor and minimizing human error.<br \/>\nHigh Capacity: corn processing line With a high production capacity, the line can quickly produce large quantities of snacks, meeting market demand.<br \/>\nVersatility: automatic corn chips machine can be customized to produce a wide range of products, from traditional corn puffs to more innovative shapes and flavors.<br \/>\nEnergy Efficiency: corn puff extruder machine for sale process provides greater production outputs than traditional systems, with savings in energy and reduced management costs.<br \/>\nLong Service Life: High-quality materials and precision engineering ensure a long service life for the equipment.<\/p>\n<p><strong>Specification of Corn Puff Snacks Processing Line<\/strong><\/p>\n<p>Raw materials: Rice flour, wheat flour, corn flour and etc.<\/p>\n<p>Capacity: 100-150kg\/h, 150-200kg\/h, 500kg\/h, 1000kg\/h, 1500kg\/h and customized capacity.<\/p>\n<p>Voltage: 380V\/220V, and customized voltage rate.<\/p>\n<p><img loading=\"lazy\" decoding=\"async\" class=\"alignnone size-full wp-image-7105\" src=\"https:\/\/dayiextrudermachine.com\/wp-content\/uploads\/2026\/03\/\u8868\u683c1-scaled.jpg\" alt=\"\" width=\"2560\" height=\"545\" srcset=\"https:\/\/dayiextrudermachine.com\/wp-content\/uploads\/2026\/03\/\u8868\u683c1-scaled.jpg 2560w, https:\/\/dayiextrudermachine.com\/wp-content\/uploads\/2026\/03\/\u8868\u683c1-300x64.jpg 300w, https:\/\/dayiextrudermachine.com\/wp-content\/uploads\/2026\/03\/\u8868\u683c1-1024x218.jpg 1024w, https:\/\/dayiextrudermachine.com\/wp-content\/uploads\/2026\/03\/\u8868\u683c1-768x164.jpg 768w, https:\/\/dayiextrudermachine.com\/wp-content\/uploads\/2026\/03\/\u8868\u683c1-1536x327.jpg 1536w, https:\/\/dayiextrudermachine.com\/wp-content\/uploads\/2026\/03\/\u8868\u683c1-2048x436.jpg 2048w, https:\/\/dayiextrudermachine.com\/wp-content\/uploads\/2026\/03\/\u8868\u683c1-18x4.jpg 18w, https:\/\/dayiextrudermachine.com\/wp-content\/uploads\/2026\/03\/\u8868\u683c1-600x128.jpg 600w\" sizes=\"(max-width: 2560px) 100vw, 2560px\" \/><\/p>\n<p><strong>Advantage of Automatic Corn Snack Processing Line for Sale<\/strong><br \/>\nHigh Automation: corn snack machine is highly automated, reducing the need for manual labor and minimizing human error.<br \/>\nHigh Capacity: corn processing line With a high production capacity, the line can quickly produce large quantities of snacks, meeting market demand.<br \/>\nVersatility: automatic corn chips machine can be customized to produce a wide range of products, from traditional corn puffs to more innovative shapes and flavors.<br \/>\nEnergy Efficiency: corn puff extruder machine for sale process provides greater production outputs than traditional systems, with savings in energy and reduced management costs.<br \/>\nLong Service Life: High-quality materials and precision engineering ensure a long service life for the equipment.<\/p>\n<p><strong>Features on Corn Puff Snack Extruder Machine<\/strong><br \/>\nQuality Material:puff snack extruder machine is constructed with stainless steel, ensuring durability and hygiene.<br \/>\nPLC Control System: puff corn extruder machine adopt a PLC system provides precise control, ensuring consistent product quality.<br \/>\nCustomizable Dies or mold: corn puff extruder machine can be equipped with various molds for different shapes and sizes of puffed snacks.<\/p>\n<p><strong>Automatic Corn Snack Processing Line Cost<\/strong><br \/>\nOur puffed corn snacks production line has so many advantages,in regards to its high automation and capacity to versatility and energy efficiency. They are key to ensure significant profits by production efficiency, minimizing waste, and ensuring high product quality. Nowadays, with a continuously growing market, our corn puff snack processing line enable investors with great business opportunity.<\/p>\n<p><strong>Service from Dayi Food Machine<\/strong><br \/>\nWhole life technical support in operation, maintenance.<br \/>\nFree Operation Training online, operation video and manual guide.<br \/>\nOnsite installation is available upon requirement.<br \/>\nFree recipe and business advise for new business planner.<br \/>\nDelivery services is provided upon request.<\/p>\n<h2><strong>Dayi company<\/strong><\/h2>\n<p>Fond\u00e9e en 1996, la soci\u00e9t\u00e9 Jinan Dayi Extrusion Machinery Co. est un fabricant professionnel et une entreprise mod\u00e8le pour les machines d'extrusion alimentaire de pointe et \u00e0 haut rendement dans ce domaine. La soci\u00e9t\u00e9 DAYI rassemble une \u00e9quipe d'experts ayant vingt ans d'exp\u00e9rience dans l'industrie des machines d'extrusion. Elle s'efforce non seulement de rechercher en permanence des technologies d'extrusion, mais aussi d'explorer les processus alimentaires afin d'aider ses clients \u00e0 produire des aliments cr\u00e9atifs.<\/p>\n<p>&nbsp;<\/p>\n<p><img loading=\"lazy\" decoding=\"async\" class=\"alignnone wp-image-5757\" src=\"https:\/\/dayiextrudermachine.com\/wp-content\/uploads\/2025\/04\/factory.jpg\" alt=\"\" width=\"1317\" height=\"393\" srcset=\"https:\/\/dayiextrudermachine.com\/wp-content\/uploads\/2025\/04\/factory.jpg 1079w, https:\/\/dayiextrudermachine.com\/wp-content\/uploads\/2025\/04\/factory-300x90.jpg 300w, https:\/\/dayiextrudermachine.com\/wp-content\/uploads\/2025\/04\/factory-1024x306.jpg 1024w, https:\/\/dayiextrudermachine.com\/wp-content\/uploads\/2025\/04\/factory-768x229.jpg 768w, https:\/\/dayiextrudermachine.com\/wp-content\/uploads\/2025\/04\/factory-600x179.jpg 600w\" sizes=\"(max-width: 1317px) 100vw, 1317px\" \/><\/p>\n<p>Apr\u00e8s des ann\u00e9es de recherche et de d\u00e9veloppement, notre technique d'extrusion \u00e0 vis unique et \u00e0 double vis a \u00e9t\u00e9 largement appliqu\u00e9e \u00e0 la production des produits suivants : snacks souffl\u00e9s, snacks fourr\u00e9s, c\u00e9r\u00e9ales pour petit-d\u00e9jeuner\/flocons de ma\u00efs, granul\u00e9s 2d\/3d, prot\u00e9ines de soja textur\u00e9es\/prot\u00e9ines de fibres\/viande v\u00e9g\u00e9tarienne, doritos\/chips tortilla, cheetos\/niknak\/kurkure, popcorn en boule\/en papillon, aliments \u00e0 base de farine frite, mie de pain, riz nutritionnel\/riz artificiel, poudre nutritionnelle\/poudre pour aliments pour b\u00e9b\u00e9s, et aliments pour animaux de compagnie, etc. Plus de vingt lignes de production avec des fonctions et des capacit\u00e9s diff\u00e9rentes peuvent \u00eatre choisies. Plus de vingt lignes de production aux fonctions et capacit\u00e9s diff\u00e9rentes peuvent \u00eatre choisies. Nous pouvons \u00e9galement fournir des services personnalis\u00e9s pour des exigences particuli\u00e8res.<\/p>\n<p>\"Cr\u00e9er la plus grande valeur pour les clients\" est notre concept constant et la base d'une coop\u00e9ration \u00e0 long terme avec les clients. Au cours des derni\u00e8res ann\u00e9es, nos machines ont conquis une grande part du march\u00e9 national.  Certaines entreprises alimentaires c\u00e9l\u00e8bres ont grandi avec nous, et de nombreuses grandes entreprises et groupes alimentaires influents nous ont choisis et ont \u00e9tabli une coop\u00e9ration \u00e0 long terme, comme China Oishi Food Company (si\u00e8ge aux Philippines), Panpan Food (Fuyuan Group), Hsufuchi Group, Fujian Qinqin Incorporated, Wangwang Group, Master Kong Company, Tianjin Longkang Company, Jiangsu VV Group, Fuwa Group, Gloden Monkey Food Company, Hebei Dingda Food Group, Hangzhou Daen company, etc.<br \/>\nProcessus de la ligne de production de snacks \u00e0 base de farine de bl\u00e9 frite : M\u00e9langeur - Extracteur \u00e0 spirale - H\u00f4te \u00e0 double vis - Coupeuse \u00e0 traction - Friteuse automatique - Ligne d'assaisonnement \u00e0 tambour<\/p>\n<p><img loading=\"lazy\" decoding=\"async\" class=\"alignnone wp-image-5754\" src=\"https:\/\/dayiextrudermachine.com\/wp-content\/uploads\/2025\/04\/extruder-machine.jpg\" alt=\"\" width=\"1301\" height=\"420\" srcset=\"https:\/\/dayiextrudermachine.com\/wp-content\/uploads\/2025\/04\/extruder-machine.jpg 1069w, https:\/\/dayiextrudermachine.com\/wp-content\/uploads\/2025\/04\/extruder-machine-300x97.jpg 300w, https:\/\/dayiextrudermachine.com\/wp-content\/uploads\/2025\/04\/extruder-machine-1024x330.jpg 1024w, https:\/\/dayiextrudermachine.com\/wp-content\/uploads\/2025\/04\/extruder-machine-768x248.jpg 768w, https:\/\/dayiextrudermachine.com\/wp-content\/uploads\/2025\/04\/extruder-machine-600x194.jpg 600w\" sizes=\"(max-width: 1301px) 100vw, 1301px\" \/><\/p>\n<p>Introduction aux principales fonctions de chaque \u00e9quipement de la cha\u00eene de production :<br \/>\n1. M\u00e9langeur : M\u00e9lange les mati\u00e8res premi\u00e8res et une certaine quantit\u00e9 d'eau n\u00e9cessaire \u00e0 la production de mani\u00e8re compl\u00e8te et r\u00e9guli\u00e8re afin de former les mat\u00e9riaux n\u00e9cessaires \u00e0 la production.<br \/>\n2. Alimentation en spirale : Les mati\u00e8res premi\u00e8res m\u00e9lang\u00e9es sont transport\u00e9es vers la tr\u00e9mie d'alimentation de l'extrudeuse, et l'utilisation d'une tige en spirale permet d'assurer une alimentation uniforme et stable sans dispersion facile. La tige en spirale a \u00e9galement une fonction d'agitation secondaire.<br \/>\n3. H\u00f4te \u00e0 double vis : les mat\u00e9riaux de production m\u00e9lang\u00e9s sont extrud\u00e9s et expans\u00e9s, et les mat\u00e9riaux sont soumis \u00e0 une extrusion et \u00e0 un malaxage \u00e0 haute temp\u00e9rature et \u00e0 haute pression dans l'extrudeuse, et enfin extrud\u00e9s et form\u00e9s par l'extrudeuse.<br \/>\n4. Machine de d\u00e9coupe par traction : Tirer et couper les produits semi-finis en produits de m\u00eame taille et de m\u00eame forme.<br \/>\n5. Friteuse automatique : Frire le produit coup\u00e9 pour lui donner un go\u00fbt croustillant. Les friteuses automatiques sont faciles \u00e0 contr\u00f4ler la temp\u00e9rature, hautement automatis\u00e9es et permettent une friture uniforme.<br \/>\n6. Machine \u00e0 assaisonner octogonale : Le produit frit est assaisonn\u00e9 et la saveur peut \u00eatre d\u00e9termin\u00e9e en fonction des besoins de production. Notre soci\u00e9t\u00e9 dispose \u00e9galement de diverses configurations d'\u00e9quipement d'assaisonnement.<\/p>\n<p>Entre-temps, nos machines ont \u00e9t\u00e9 export\u00e9es vers une cinquantaine de pays et r\u00e9gions au cours de ces vingt derni\u00e8res ann\u00e9es, tels que la Malaisie, l'Indon\u00e9sie, les Philippines, le Vietnam, le Cambodge, la Tha\u00eflande, le Japon, la Cor\u00e9e du Sud, l'Inde, le Pakistan, la Russie, le Kazakhstan, l'Ouzb\u00e9kistan, le Turkm\u00e9nistan, la Jordanie, l'Iran, Isra\u00ebl, les \u00c9mirats arabes unis, l'\u00c9gypte, l'Afrique du Sud, l'Alg\u00e9rie, le Congo, les Pays-Bas, la Pologne, la Mac\u00e9doine, la Tch\u00e9quie, le Br\u00e9sil, l'Argentine, le Mexique, l'Australie, etc. Les machines Dayi ont acquis une grande r\u00e9putation pour leur haute qualit\u00e9, leur faible co\u00fbt et leur faible consommation. Nous continuerons \u00e0 fournir les meilleures machines et les meilleurs services.<\/p>\n<p><img loading=\"lazy\" decoding=\"async\" class=\"alignnone size-full wp-image-5749\" src=\"https:\/\/dayiextrudermachine.com\/wp-content\/uploads\/2025\/04\/\u8bc1\u4e66-1.png\" alt=\"\" width=\"1316\" height=\"452\" srcset=\"https:\/\/dayiextrudermachine.com\/wp-content\/uploads\/2025\/04\/\u8bc1\u4e66-1.png 1316w, https:\/\/dayiextrudermachine.com\/wp-content\/uploads\/2025\/04\/\u8bc1\u4e66-1-300x103.png 300w, https:\/\/dayiextrudermachine.com\/wp-content\/uploads\/2025\/04\/\u8bc1\u4e66-1-1024x352.png 1024w, https:\/\/dayiextrudermachine.com\/wp-content\/uploads\/2025\/04\/\u8bc1\u4e66-1-768x264.png 768w, https:\/\/dayiextrudermachine.com\/wp-content\/uploads\/2025\/04\/\u8bc1\u4e66-1-600x206.png 600w\" sizes=\"(max-width: 1316px) 100vw, 1316px\" \/><\/p>\n<p>En g\u00e9n\u00e9ral, les questions que vous rencontrerez lors du choix de la machine appropri\u00e9e :<br \/>\n1.Si l'alimentation \u00e9lectrique de notre pays n'est pas 3ph 380v 50hz, diff\u00e9rente de celle que vous utilisez en Chine, pourriez-vous nous fournir la machine appropri\u00e9e ?<br \/>\nDAYI:Oui, nous pouvons vous proposer la machine appropri\u00e9e en fonction de votre alimentation \u00e9lectrique, par exemple : 3ph 415v 50hz, 3ph 380v 60hz, 3ph 440v 60hz, 3ph 220v,60hz.<\/p>\n<p>2. Quel est le mat\u00e9riau du bo\u00eetier de la machine ?<br \/>\nDAYI:Nous utilisons de l'acier inoxydable pour les parties en contact direct avec les aliments.<\/p>\n<p>3. Quelle est la marque du moteur ? des composants \u00e9lectroniques ?<br \/>\nDAYI : Nous utilisons ABB ou SIEMENS, en fonction de vos besoins.<\/p>\n<p>4. si je peux utiliser une seule ligne de production pour produire de nombreux snacks diff\u00e9rents ?<br \/>\nDAYI:une ligne de production ne peut produire qu'une seule cat\u00e9gorie, mais peut produire des formes diff\u00e9rentes en changeant de moule.<\/p>\n<p>5.Quel type de combustible pouvons-nous choisir pour d\u00e9marrer la production ?<br \/>\nDAYI:Vous pouvez choisir le gaz, le diesel ou l'\u00e9lectricit\u00e9 comme carburant, mais veuillez faire part de votre id\u00e9e \u00e0 notre service commercial lorsque vous demandez un quota.<\/p>\n<p>6. pourrions-nous visiter votre usine afin de v\u00e9rifier soigneusement la machine ?<br \/>\nDAYI:Bien s\u00fbr, nous vous invitons chaleureusement \u00e0 venir dans notre usine pour discuter des d\u00e9tails.<\/p>\n<p>7) Quelle est la dur\u00e9e de la garantie de votre machine ?<br \/>\nDAYI:Normalement, notre garantie est d'un an, sauf pour les pi\u00e8ces facilement cassables.<\/p>\n<p>8. avez-vous les moyens de faire appel \u00e0 une \u00e9quipe de techniciens pour nous aider dans l'installation et la mise en service ?<br \/>\nDAYI : Nous pouvons envoyer une \u00e9quipe de techniciens dans votre pays pour aider \u00e0 l'installation, nous avons des \u00e9quipes professionnelles avec une grande exp\u00e9rience pour faire ce travail.<\/p>\n<p>9:Si nous avons des demandes tr\u00e8s sp\u00e9ciales pour la ligne de production, pourriez-vous m'aider \u00e0 y r\u00e9pondre ?<br \/>\nDAYI:Oui, nous pouvons offrir un service personnalis\u00e9, nous avons une \u00e9quipe technique qui se concentre sur ce travail, elle peut donc vous offrir le meilleur service.<\/p>","protected":false},"excerpt":{"rendered":"<p>Fond\u00e9e en 1996, la soci\u00e9t\u00e9 Jinan Dayi Extrusion Machinery Co. est un fabricant professionnel et une entreprise mod\u00e8le pour les machines d'extrusion alimentaire de pointe et \u00e0 haut rendement dans ce domaine. La soci\u00e9t\u00e9 DAYI rassemble une \u00e9quipe d'experts ayant vingt ans d'exp\u00e9rience dans l'industrie des machines d'extrusion. Elle s'efforce non seulement de rechercher en permanence des technologies d'extrusion, mais aussi d'explorer les processus alimentaires afin d'aider ses clients \u00e0 produire des aliments cr\u00e9atifs.<\/p>","protected":false},"featured_media":6253,"template":"","meta":{"_acf_changed":false},"product_brand":[],"product_cat":[106],"product_tag":[151,119,120],"class_list":{"0":"post-7076","1":"product","2":"type-product","3":"status-publish","4":"has-post-thumbnail","6":"product_cat-puffed-snack-food-machine","7":"product_tag-corn-puff-machine-price","8":"product_tag-corn-puffed-snack-food-machine","9":"product_tag-puffed-snack-food-making-machine","11":"first","12":"instock","13":"shipping-taxable","14":"product-type-simple"},"acf":[],"_links":{"self":[{"href":"https:\/\/dayiextrudermachine.com\/fr\/wp-json\/wp\/v2\/product\/7076","targetHints":{"allow":["GET"]}}],"collection":[{"href":"https:\/\/dayiextrudermachine.com\/fr\/wp-json\/wp\/v2\/product"}],"about":[{"href":"https:\/\/dayiextrudermachine.com\/fr\/wp-json\/wp\/v2\/types\/product"}],"wp:featuredmedia":[{"embeddable":true,"href":"https:\/\/dayiextrudermachine.com\/fr\/wp-json\/wp\/v2\/media\/6253"}],"wp:attachment":[{"href":"https:\/\/dayiextrudermachine.com\/fr\/wp-json\/wp\/v2\/media?parent=7076"}],"wp:term":[{"taxonomy":"product_brand","embeddable":true,"href":"https:\/\/dayiextrudermachine.com\/fr\/wp-json\/wp\/v2\/product_brand?post=7076"},{"taxonomy":"product_cat","embeddable":true,"href":"https:\/\/dayiextrudermachine.com\/fr\/wp-json\/wp\/v2\/product_cat?post=7076"},{"taxonomy":"product_tag","embeddable":true,"href":"https:\/\/dayiextrudermachine.com\/fr\/wp-json\/wp\/v2\/product_tag?post=7076"}],"curies":[{"name":"wp","href":"https:\/\/api.w.org\/{rel}","templated":true}]}}