{"id":6012,"date":"2025-06-16T07:50:04","date_gmt":"2025-06-16T07:50:04","guid":{"rendered":"https:\/\/dayiextrudermachine.com\/?post_type=product&#038;p=6012"},"modified":"2026-01-29T01:35:14","modified_gmt":"2026-01-29T01:35:14","slug":"automatic-kurkure-making-machine-price","status":"publish","type":"product","link":"https:\/\/dayiextrudermachine.com\/fr\/produit\/automatic-kurkure-making-machine-price\/","title":{"rendered":"prix de la machine automatique de fabrication de kurkure"},"content":{"rendered":"<p>Fond\u00e9e en 1996, la soci\u00e9t\u00e9 Jinan Dayi Extrusion Machinery Co. est un fabricant professionnel et une entreprise mod\u00e8le pour les machines d'extrusion alimentaire de pointe et \u00e0 haut rendement dans ce domaine. La soci\u00e9t\u00e9 DAYI rassemble une \u00e9quipe d'experts ayant vingt ans d'exp\u00e9rience dans l'industrie des machines d'extrusion. Elle s'efforce non seulement de rechercher en permanence des technologies d'extrusion, mais aussi d'explorer les processus alimentaires afin d'aider ses clients \u00e0 produire des aliments cr\u00e9atifs.<\/p>\n<p><img fetchpriority=\"high\" decoding=\"async\" class=\"alignnone wp-image-5757\" src=\"https:\/\/dayiextrudermachine.com\/wp-content\/uploads\/2025\/04\/factory.jpg\" alt=\"\" width=\"1297\" height=\"387\" srcset=\"https:\/\/dayiextrudermachine.com\/wp-content\/uploads\/2025\/04\/factory.jpg 1079w, https:\/\/dayiextrudermachine.com\/wp-content\/uploads\/2025\/04\/factory-300x90.jpg 300w, https:\/\/dayiextrudermachine.com\/wp-content\/uploads\/2025\/04\/factory-1024x306.jpg 1024w, https:\/\/dayiextrudermachine.com\/wp-content\/uploads\/2025\/04\/factory-768x229.jpg 768w, https:\/\/dayiextrudermachine.com\/wp-content\/uploads\/2025\/04\/factory-600x179.jpg 600w\" sizes=\"(max-width: 1297px) 100vw, 1297px\" \/><br \/>\nLe kurkure est un en-cas \u00e0 base de ma\u00efs tr\u00e8s populaire en Inde, \u00e9galement appel\u00e9 Niknak en Afrique et Cheetos en Am\u00e9rique, qui se d\u00e9cline en plusieurs m\u00e9thodes de transformation, telles que la friture et la cuisson. Dans le m\u00eame temps, diverses c\u00e9r\u00e9ales telles que la farine de riz et la farine de pois peuvent \u00eatre utilis\u00e9es comme mati\u00e8res premi\u00e8res \u00e0 ajouter, et il devient un go\u00fbt unique avec des saveurs diff\u00e9rentes selon les r\u00e9gions. La machine de fabrication de kurkure 100-150KG\/H de Jinan Dayi Extrusion Machinery est tr\u00e8s populaire aupr\u00e8s des clients. Elle est enti\u00e8rement automatique et tout l'acier inoxydable est en contact avec les aliments. La ligne de production de la machine de fabrication de kurkure peut transformer la farine de grain en boucles de ma\u00efs kurkure, en snack cheetos ou en snack nik.<br \/>\nProcessus de la ligne de production de cheetos : M\u00e9langeur de farine - Extrudeur de cheetos - Convoyeur en Z - Tamis s\u00e9par\u00e9 rotatif - Friteuse rotative - D\u00e9shuileur vibrant - Ligne d'aromatisation - Convoyeur de refroidissement<\/p>\n<p><img decoding=\"async\" class=\"alignnone wp-image-5754\" src=\"https:\/\/dayiextrudermachine.com\/wp-content\/uploads\/2025\/04\/extruder-machine.jpg\" alt=\"\" width=\"1277\" height=\"412\" srcset=\"https:\/\/dayiextrudermachine.com\/wp-content\/uploads\/2025\/04\/extruder-machine.jpg 1069w, https:\/\/dayiextrudermachine.com\/wp-content\/uploads\/2025\/04\/extruder-machine-300x97.jpg 300w, https:\/\/dayiextrudermachine.com\/wp-content\/uploads\/2025\/04\/extruder-machine-1024x330.jpg 1024w, https:\/\/dayiextrudermachine.com\/wp-content\/uploads\/2025\/04\/extruder-machine-768x248.jpg 768w, https:\/\/dayiextrudermachine.com\/wp-content\/uploads\/2025\/04\/extruder-machine-600x194.jpg 600w\" sizes=\"(max-width: 1277px) 100vw, 1277px\" \/><\/p>\n<p><img decoding=\"async\" class=\"alignnone wp-image-5763\" src=\"https:\/\/dayiextrudermachine.com\/wp-content\/uploads\/2025\/04\/kurkure1.jpg\" alt=\"\" width=\"1307\" height=\"357\" srcset=\"https:\/\/dayiextrudermachine.com\/wp-content\/uploads\/2025\/04\/kurkure1.jpg 1109w, https:\/\/dayiextrudermachine.com\/wp-content\/uploads\/2025\/04\/kurkure1-300x82.jpg 300w, https:\/\/dayiextrudermachine.com\/wp-content\/uploads\/2025\/04\/kurkure1-1024x280.jpg 1024w, https:\/\/dayiextrudermachine.com\/wp-content\/uploads\/2025\/04\/kurkure1-768x210.jpg 768w, https:\/\/dayiextrudermachine.com\/wp-content\/uploads\/2025\/04\/kurkure1-600x164.jpg 600w\" sizes=\"(max-width: 1307px) 100vw, 1307px\" \/><\/p>\n<p>Introduction aux principales fonctions de chaque \u00e9quipement de la cha\u00eene de production :<br \/>\n1. M\u00e9langeur : M\u00e9langer les mati\u00e8res premi\u00e8res n\u00e9cessaires \u00e0 la production avec une certaine quantit\u00e9 d'eau de mani\u00e8re compl\u00e8te et r\u00e9guli\u00e8re. Cette ligne de production utilise principalement des r\u00e9sidus de ma\u00efs comme mati\u00e8re premi\u00e8re.<br \/>\n2. Extracteur en spirale : Les mati\u00e8res premi\u00e8res m\u00e9lang\u00e9es par le m\u00e9langeur de poudre sont transport\u00e9es vers la tr\u00e9mie d'alimentation de l'extrudeuse. L'utilisation de tiges en spirale pour transporter les mati\u00e8res permet de garantir l'uniformit\u00e9, la stabilit\u00e9 et l'absence de risque de d\u00e9versement. Les tiges en spirale peuvent \u00e9galement effectuer un m\u00e9lange secondaire des mati\u00e8res premi\u00e8res.<br \/>\n3. Extrudeuse : L'extrudeuse SMT est utilis\u00e9e pour fabriquer des produits. Les mati\u00e8res premi\u00e8res sont press\u00e9es et frott\u00e9es sur la table rotative de l'extrudeuse pour produire des mat\u00e9riaux en forme de bandes torsad\u00e9es irr\u00e9guli\u00e8res.<br \/>\n4. Convoyeur de type Z : Il transporte les produits fabriqu\u00e9s vers l'\u00e9quipement suivant, et la hauteur du convoyeur peut \u00eatre r\u00e9gl\u00e9e.<br \/>\n5. S\u00e9parateur rotatif : Il fait tourner et s\u00e9pare les produits transport\u00e9s. Cette \u00e9tape permet de s\u00e9parer les produits dont la taille et la forme ne r\u00e9pondent pas aux normes, afin de garantir la qualit\u00e9 du produit.<br \/>\n6. \u00c9l\u00e9vateur : Transporte les produits s\u00e9lectionn\u00e9s vers la friteuse. La hauteur de l'\u00e9l\u00e9vateur peut \u00eatre r\u00e9gl\u00e9e librement en fonction de la hauteur de la friteuse.<br \/>\n7. Friteuse \u00e0 rideau d'huile : Adoptant un syst\u00e8me de friture automatis\u00e9, il est facile de contr\u00f4ler la temp\u00e9rature et de frire uniform\u00e9ment, ce qui donne au produit un go\u00fbt riche, croustillant et d\u00e9licieux. Notre soci\u00e9t\u00e9 dispose \u00e9galement de diverses configurations de friteuses, qui peuvent \u00eatre personnalis\u00e9es en fonction des besoins.<br \/>\n8. D\u00e9graisseur \u00e0 vibrations : \u00e9limine l'exc\u00e8s d'huile des produits frits gr\u00e2ce \u00e0 des vibrations \u00e0 haute fr\u00e9quence, ce qui garantit un go\u00fbt non gras.<br \/>\n9. Ligne d'assaisonnement : Le produit apr\u00e8s d\u00e9shuilage est assaisonn\u00e9 ici, avec une vari\u00e9t\u00e9 de saveurs qui peuvent \u00eatre d\u00e9termin\u00e9es en fonction des besoins de la production. Notre soci\u00e9t\u00e9 dispose d'une grande vari\u00e9t\u00e9 de configurations d'\u00e9quipement d'assaisonnement, telles que des machines d'assaisonnement \u00e0 tambour, des lignes de pulv\u00e9risation, des lignes d'assaisonnement par pulv\u00e9risation d'huile, etc.<br \/>\n10. Convoyeur de refroidissement : Refroidit le produit s\u00e9ch\u00e9 et le transporte pour l'emballage.<\/p>\n<p><img loading=\"lazy\" decoding=\"async\" class=\"alignnone wp-image-5749\" src=\"https:\/\/dayiextrudermachine.com\/wp-content\/uploads\/2025\/04\/\u8bc1\u4e66-1.png\" alt=\"\" width=\"1252\" height=\"430\" srcset=\"https:\/\/dayiextrudermachine.com\/wp-content\/uploads\/2025\/04\/\u8bc1\u4e66-1.png 1316w, https:\/\/dayiextrudermachine.com\/wp-content\/uploads\/2025\/04\/\u8bc1\u4e66-1-300x103.png 300w, https:\/\/dayiextrudermachine.com\/wp-content\/uploads\/2025\/04\/\u8bc1\u4e66-1-1024x352.png 1024w, https:\/\/dayiextrudermachine.com\/wp-content\/uploads\/2025\/04\/\u8bc1\u4e66-1-768x264.png 768w, https:\/\/dayiextrudermachine.com\/wp-content\/uploads\/2025\/04\/\u8bc1\u4e66-1-600x206.png 600w\" sizes=\"(max-width: 1252px) 100vw, 1252px\" \/><br \/>\nLa soci\u00e9t\u00e9 Jinan Dayi Expansion Machinery Co. a \u00e9t\u00e9 cr\u00e9\u00e9e en 1996, il y a plus de 20 ans, et son chiffre d'affaires annuel moyen est sup\u00e9rieur \u00e0 100 millions d'euros. Il s'agit d'une entreprise professionnelle de fabrication de machines d'expansion qui int\u00e8gre la recherche et le d\u00e9veloppement, la conception, la production et la fabrication, la vente de produits et le service apr\u00e8s-vente. C'est une entreprise nationale de haute technologie.<br \/>\nL'entreprise dispose de bureaux modernes, de centres de recherche et de d\u00e9veloppement et d'usines standardis\u00e9es, sur une surface de construction de plus de 20000 m\u00e8tres carr\u00e9s. Elle compte actuellement plus de 50 ing\u00e9nieurs et techniciens de haut niveau et a form\u00e9 une \u00e9quipe de production et de service dot\u00e9e d'une technologie et de comp\u00e9tences excellentes. Les activit\u00e9s de l'entreprise comprennent le d\u00e9veloppement de machines d'extrusion alimentaire, de machines de s\u00e9chage, de machines de friture et de machines pour aliments souffl\u00e9s.<br \/>\nDepuis sa cr\u00e9ation, la soci\u00e9t\u00e9 Da Yi s'est attir\u00e9 de nombreux \u00e9loges, tant au niveau national qu'international. Les \u00e9quipements de la soci\u00e9t\u00e9 sont export\u00e9s dans plus de 50 pays et r\u00e9gions \u00e0 l'\u00e9tranger. Par exemple, l'\u00c9gypte, le Japon, la Russie, l'Inde, le Canada, l'Australie, etc.<br \/>\nDayi Company s'efforce de fournir \u00e0 tous les fabricants de produits alimentaires des \u00e9quipements de production alimentaire adapt\u00e9s \u00e0 leur capacit\u00e9 de consommation. \u00c0 l'avenir, nous continuerons \u00e0 fournir des \u00e9quipements et des services de qualit\u00e9 sup\u00e9rieure.<br \/>\nEn g\u00e9n\u00e9ral, les questions que vous rencontrerez lors du choix de la machine appropri\u00e9e :<br \/>\nFAQ<br \/>\n1.Si l'alimentation \u00e9lectrique de notre pays n'est pas 3ph 380v 50hz, diff\u00e9rente de celle que vous utilisez en Chine, pourriez-vous nous fournir la machine appropri\u00e9e ?<br \/>\nDAYI:Oui, nous pouvons vous proposer la machine appropri\u00e9e en fonction de votre alimentation \u00e9lectrique, par exemple : 3ph 415v 50hz, 3ph 380v 60hz, 3ph 440v 60hz, 3ph 220v,60hz.<\/p>\n<p>2. Quel est le mat\u00e9riau du bo\u00eetier de la machine ?<br \/>\nDAYI:Nous utilisons de l'acier inoxydable pour les parties en contact direct avec les aliments.<\/p>\n<p>3. Quelle est la marque du moteur ? des composants \u00e9lectroniques ?<br \/>\nDAYI : Nous utilisons ABB ou SIEMENS, en fonction de vos besoins.<\/p>\n<p>4. si je peux utiliser une seule ligne de production pour produire plusieurs sanck diff\u00e9rents ?<br \/>\nDAYI:une ligne de production ne peut produire qu'une seule cat\u00e9gorie, mais peut produire des formes diff\u00e9rentes en changeant de moule.<\/p>\n<p>5.Quel type de combustible pouvons-nous choisir pour d\u00e9marrer la production ?<br \/>\nDAYI:Vous pouvez choisir le gaz, le diesel ou l'\u00e9lectricit\u00e9 comme carburant, mais veuillez faire part de votre id\u00e9e \u00e0 notre service commercial lorsque vous demandez un quota.<\/p>\n<p>6. pourrions-nous visiter votre usine afin de v\u00e9rifier soigneusement la machine ?<br \/>\nDAYI:Bien s\u00fbr, nous vous invitons chaleureusement \u00e0 venir dans notre usine pour discuter des d\u00e9tails.<\/p>\n<p>7) Quelle est la dur\u00e9e de la garantie de votre machine ?<br \/>\nDAYI:Normalement, notre garantie est d'un an, sauf pour les pi\u00e8ces facilement cassables.<\/p>\n<p>8. avez-vous les moyens de faire appel \u00e0 une \u00e9quipe de techniciens pour nous aider dans l'installation et la mise en service ?<br \/>\nDAYI : Nous pouvons envoyer une \u00e9quipe de techniciens dans votre pays pour aider \u00e0 l'installation, nous avons des \u00e9quipes professionnelles avec une grande exp\u00e9rience pour faire ce travail.<\/p>\n<p>9:Si nous avons des demandes tr\u00e8s sp\u00e9ciales pour la ligne de production, pourriez-vous m'aider \u00e0 y r\u00e9pondre ?<br \/>\nDAYI:Oui, nous pouvons offrir un service personnalis\u00e9, nous avons une \u00e9quipe technique qui se concentre sur ce travail, elle peut donc vous offrir le meilleur service.<br \/>\nTOUS LES SERVICES QUE NOUS POUVONS VOUS OFFRIR :<\/p>\n<p>vous fournir des conseils professionnels sur le march\u00e9, l'\u00e9quipement, le processus, les mat\u00e9riaux, l'emballage, etc.<br \/>\nNous vous aidons \u00e0 choisir l'\u00e9quipement, \u00e0 concevoir le d\u00e9roulement du processus et \u00e0 r\u00e9aliser l'agencement parfait de l'atelier. Si n\u00e9cessaire, nous pouvons fournir des services dans votre usine.<br \/>\n\u00c9tablissez un plan de compensation pour le changement de mat\u00e9riaux en fonction de votre produit, et effectuez la production sur place.<br \/>\nConcevoir et fabriquer sp\u00e9cialement des machines, effectuer des tests pratiques et fournir une formation appropri\u00e9e \u00e0 la demande du client.<br \/>\nFournir un plan d'emballage et de transport raisonnable, envoyer un technicien pour installer et d\u00e9boguer la machine et former vos employ\u00e9s.<br \/>\nGarantie d'un an, fourniture pr\u00e9f\u00e9rentielle de pi\u00e8ces d\u00e9tach\u00e9es. Conception et traitement de pi\u00e8ces de rechange de type similaire pour les \u00e9quipements import\u00e9s.<\/p>","protected":false},"excerpt":{"rendered":"<p>Fond\u00e9e en 1996, la soci\u00e9t\u00e9 Jinan Dayi Extrusion Machinery Co. est un fabricant professionnel et une entreprise mod\u00e8le pour les machines d'extrusion alimentaire de pointe et \u00e0 haut rendement dans ce domaine. La soci\u00e9t\u00e9 DAYI rassemble une \u00e9quipe d'experts ayant vingt ans d'exp\u00e9rience dans l'industrie des machines d'extrusion. Elle s'efforce non seulement de rechercher en permanence des technologies d'extrusion, mais aussi d'explorer les processus alimentaires afin d'aider ses clients \u00e0 produire des aliments cr\u00e9atifs.<\/p>","protected":false},"featured_media":6265,"template":"","meta":{"_acf_changed":false},"product_brand":[],"product_cat":[124],"product_tag":[178,131,126],"class_list":{"0":"post-6012","1":"product","2":"type-product","3":"status-publish","4":"has-post-thumbnail","6":"product_cat-cheetos-processing-line","7":"product_tag-automatic-kurkure-making-machine-price","8":"product_tag-corn-flour-based-snack-extruder","9":"product_tag-kurkure-cheetos-production-line","11":"first","12":"instock","13":"shipping-taxable","14":"product-type-simple"},"acf":[],"_links":{"self":[{"href":"https:\/\/dayiextrudermachine.com\/fr\/wp-json\/wp\/v2\/product\/6012","targetHints":{"allow":["GET"]}}],"collection":[{"href":"https:\/\/dayiextrudermachine.com\/fr\/wp-json\/wp\/v2\/product"}],"about":[{"href":"https:\/\/dayiextrudermachine.com\/fr\/wp-json\/wp\/v2\/types\/product"}],"wp:featuredmedia":[{"embeddable":true,"href":"https:\/\/dayiextrudermachine.com\/fr\/wp-json\/wp\/v2\/media\/6265"}],"wp:attachment":[{"href":"https:\/\/dayiextrudermachine.com\/fr\/wp-json\/wp\/v2\/media?parent=6012"}],"wp:term":[{"taxonomy":"product_brand","embeddable":true,"href":"https:\/\/dayiextrudermachine.com\/fr\/wp-json\/wp\/v2\/product_brand?post=6012"},{"taxonomy":"product_cat","embeddable":true,"href":"https:\/\/dayiextrudermachine.com\/fr\/wp-json\/wp\/v2\/product_cat?post=6012"},{"taxonomy":"product_tag","embeddable":true,"href":"https:\/\/dayiextrudermachine.com\/fr\/wp-json\/wp\/v2\/product_tag?post=6012"}],"curies":[{"name":"wp","href":"https:\/\/api.w.org\/{rel}","templated":true}]}}