{"id":5980,"date":"2025-06-11T09:00:15","date_gmt":"2025-06-11T09:00:15","guid":{"rendered":"https:\/\/dayiextrudermachine.com\/?post_type=product&#038;p=5980"},"modified":"2026-01-29T02:01:16","modified_gmt":"2026-01-29T02:01:16","slug":"maize-extruder-machine-puffed-corn-snack-food-machine","status":"publish","type":"product","link":"https:\/\/dayiextrudermachine.com\/fr\/produit\/maize-extruder-machine-puffed-corn-snack-food-machine\/","title":{"rendered":"machine \u00e0 extruder le ma\u00efs machine \u00e0 grignoter le ma\u00efs souffl\u00e9"},"content":{"rendered":"<p>Fond\u00e9e en 1996, la soci\u00e9t\u00e9 Jinan Dayi Extrusion Machinery Co. est un fabricant professionnel et une entreprise mod\u00e8le pour les machines d'extrusion alimentaire de pointe et \u00e0 haut rendement dans ce domaine. La soci\u00e9t\u00e9 DAYI rassemble une \u00e9quipe d'experts ayant vingt ans d'exp\u00e9rience dans l'industrie des machines d'extrusion. Elle s'efforce non seulement de rechercher en permanence des technologies d'extrusion, mais aussi d'explorer les processus alimentaires afin d'aider ses clients \u00e0 produire des aliments cr\u00e9atifs.<\/p>\n<p><img fetchpriority=\"high\" decoding=\"async\" class=\"alignnone wp-image-5757\" src=\"https:\/\/dayiextrudermachine.com\/wp-content\/uploads\/2025\/04\/factory.jpg\" alt=\"\" width=\"1293\" height=\"386\" srcset=\"https:\/\/dayiextrudermachine.com\/wp-content\/uploads\/2025\/04\/factory.jpg 1079w, https:\/\/dayiextrudermachine.com\/wp-content\/uploads\/2025\/04\/factory-300x90.jpg 300w, https:\/\/dayiextrudermachine.com\/wp-content\/uploads\/2025\/04\/factory-1024x306.jpg 1024w, https:\/\/dayiextrudermachine.com\/wp-content\/uploads\/2025\/04\/factory-768x229.jpg 768w, https:\/\/dayiextrudermachine.com\/wp-content\/uploads\/2025\/04\/factory-600x179.jpg 600w\" sizes=\"(max-width: 1293px) 100vw, 1293px\" \/><br \/>\nApr\u00e8s des ann\u00e9es de recherche et de d\u00e9veloppement, notre technique d'extrusion \u00e0 vis unique et \u00e0 double vis a \u00e9t\u00e9 largement appliqu\u00e9e \u00e0 la production des produits suivants : snacks souffl\u00e9s, snacks fourr\u00e9s, c\u00e9r\u00e9ales pour petit-d\u00e9jeuner\/flocons de ma\u00efs, granul\u00e9s 2d\/3d, prot\u00e9ines de soja textur\u00e9es\/prot\u00e9ines de fibres\/viande v\u00e9g\u00e9tarienne, doritos\/chips tortilla, cheetos\/niknak\/kurkure, popcorn en boule\/en papillon, aliments \u00e0 base de farine frite, mie de pain, riz nutritionnel\/riz artificiel, poudre nutritionnelle\/poudre pour aliments pour b\u00e9b\u00e9s, et aliments pour animaux de compagnie, etc. Plus de vingt lignes de production avec des fonctions et des capacit\u00e9s diff\u00e9rentes peuvent \u00eatre choisies. Plus de vingt lignes de production aux fonctions et capacit\u00e9s diff\u00e9rentes peuvent \u00eatre choisies. Nous pouvons \u00e9galement fournir des services personnalis\u00e9s pour des exigences particuli\u00e8res.<\/p>\n<p>\"Cr\u00e9er la plus grande valeur pour les clients\" est notre concept constant et la base d'une coop\u00e9ration \u00e0 long terme avec les clients. Au cours des derni\u00e8res ann\u00e9es, nos machines ont conquis une grande part du march\u00e9 national.  Certaines entreprises alimentaires c\u00e9l\u00e8bres ont grandi avec nous, et de nombreuses grandes entreprises et groupes alimentaires influents nous ont choisis et ont \u00e9tabli une coop\u00e9ration \u00e0 long terme, comme China Oishi Food Company (si\u00e8ge aux Philippines), Panpan Food (Fuyuan Group), Hsufuchi Group, Fujian Qinqin Incorporated, Wangwang Group, Master Kong Company, Tianjin Longkang Company, Jiangsu VV Group, Fuwa Group, Gloden Monkey Food Company, Hebei Dingda Food Group, Hangzhou Daen company, etc.<br \/>\nProcess flow of fried wheat flour snack production line:\u00a0Mixer &#8211; Spiral extractor &#8211; Twin screw host &#8211; Traction cutting machine &#8211; Automatic fryer &#8211; Drum seasoning line<\/p>\n<p><img decoding=\"async\" class=\"alignnone wp-image-5754\" src=\"https:\/\/dayiextrudermachine.com\/wp-content\/uploads\/2025\/04\/extruder-machine.jpg\" alt=\"\" width=\"1298\" height=\"419\" srcset=\"https:\/\/dayiextrudermachine.com\/wp-content\/uploads\/2025\/04\/extruder-machine.jpg 1069w, https:\/\/dayiextrudermachine.com\/wp-content\/uploads\/2025\/04\/extruder-machine-300x97.jpg 300w, https:\/\/dayiextrudermachine.com\/wp-content\/uploads\/2025\/04\/extruder-machine-1024x330.jpg 1024w, https:\/\/dayiextrudermachine.com\/wp-content\/uploads\/2025\/04\/extruder-machine-768x248.jpg 768w, https:\/\/dayiextrudermachine.com\/wp-content\/uploads\/2025\/04\/extruder-machine-600x194.jpg 600w\" sizes=\"(max-width: 1298px) 100vw, 1298px\" \/><\/p>\n<p>Introduction aux principales fonctions de chaque \u00e9quipement de la cha\u00eene de production :<br \/>\n1. M\u00e9langeur : M\u00e9lange les mati\u00e8res premi\u00e8res et une certaine quantit\u00e9 d'eau n\u00e9cessaire \u00e0 la production de mani\u00e8re compl\u00e8te et r\u00e9guli\u00e8re afin de former les mat\u00e9riaux n\u00e9cessaires \u00e0 la production.<br \/>\n2. Alimentation en spirale : Les mati\u00e8res premi\u00e8res m\u00e9lang\u00e9es sont transport\u00e9es vers la tr\u00e9mie d'alimentation de l'extrudeuse, et l'utilisation d'une tige en spirale permet d'assurer une alimentation uniforme et stable sans dispersion facile. La tige en spirale a \u00e9galement une fonction d'agitation secondaire.<br \/>\n3. H\u00f4te \u00e0 double vis : les mat\u00e9riaux de production m\u00e9lang\u00e9s sont extrud\u00e9s et expans\u00e9s, et les mat\u00e9riaux sont soumis \u00e0 une extrusion et \u00e0 un malaxage \u00e0 haute temp\u00e9rature et \u00e0 haute pression dans l'extrudeuse, et enfin extrud\u00e9s et form\u00e9s par l'extrudeuse.<br \/>\n4. Machine de d\u00e9coupe par traction : Tirer et couper les produits semi-finis en produits de m\u00eame taille et de m\u00eame forme.<br \/>\n5. Friteuse automatique : Frire le produit coup\u00e9 pour lui donner un go\u00fbt croustillant. Les friteuses automatiques sont faciles \u00e0 contr\u00f4ler la temp\u00e9rature, hautement automatis\u00e9es et permettent une friture uniforme.<br \/>\n6. Machine \u00e0 assaisonner octogonale : Le produit frit est assaisonn\u00e9 et la saveur peut \u00eatre d\u00e9termin\u00e9e en fonction des besoins de production. Notre soci\u00e9t\u00e9 dispose \u00e9galement de diverses configurations d'\u00e9quipement d'assaisonnement.<\/p>\n<p>Entre-temps, nos machines ont \u00e9t\u00e9 export\u00e9es vers une cinquantaine de pays et r\u00e9gions au cours de ces vingt derni\u00e8res ann\u00e9es, tels que la Malaisie, l'Indon\u00e9sie, les Philippines, le Vietnam, le Cambodge, la Tha\u00eflande, le Japon, la Cor\u00e9e du Sud, l'Inde, le Pakistan, la Russie, le Kazakhstan, l'Ouzb\u00e9kistan, le Turkm\u00e9nistan, la Jordanie, l'Iran, Isra\u00ebl, les \u00c9mirats arabes unis, l'\u00c9gypte, l'Afrique du Sud, l'Alg\u00e9rie, le Congo, les Pays-Bas, la Pologne, la Mac\u00e9doine, la Tch\u00e9quie, le Br\u00e9sil, l'Argentine, le Mexique, l'Australie, etc. Les machines Dayi ont acquis une grande r\u00e9putation pour leur haute qualit\u00e9, leur faible co\u00fbt et leur faible consommation. Nous continuerons \u00e0 fournir les meilleures machines et les meilleurs services.<\/p>\n<p><img decoding=\"async\" class=\"alignnone size-full wp-image-5749\" src=\"https:\/\/dayiextrudermachine.com\/wp-content\/uploads\/2025\/04\/\u8bc1\u4e66-1.png\" alt=\"\" width=\"1316\" height=\"452\" srcset=\"https:\/\/dayiextrudermachine.com\/wp-content\/uploads\/2025\/04\/\u8bc1\u4e66-1.png 1316w, https:\/\/dayiextrudermachine.com\/wp-content\/uploads\/2025\/04\/\u8bc1\u4e66-1-300x103.png 300w, https:\/\/dayiextrudermachine.com\/wp-content\/uploads\/2025\/04\/\u8bc1\u4e66-1-1024x352.png 1024w, https:\/\/dayiextrudermachine.com\/wp-content\/uploads\/2025\/04\/\u8bc1\u4e66-1-768x264.png 768w, https:\/\/dayiextrudermachine.com\/wp-content\/uploads\/2025\/04\/\u8bc1\u4e66-1-600x206.png 600w\" sizes=\"(max-width: 1316px) 100vw, 1316px\" \/><\/p>\n<p>En g\u00e9n\u00e9ral, les questions que vous rencontrerez lors du choix de la machine appropri\u00e9e :<br \/>\n1.Si l'alimentation \u00e9lectrique de notre pays n'est pas 3ph 380v 50hz, diff\u00e9rente de celle que vous utilisez en Chine, pourriez-vous nous fournir la machine appropri\u00e9e ?<br \/>\nDAYI:Oui, nous pouvons vous proposer la machine appropri\u00e9e en fonction de votre alimentation \u00e9lectrique, par exemple : 3ph 415v 50hz, 3ph 380v 60hz, 3ph 440v 60hz, 3ph 220v,60hz.<\/p>\n<p>2. Quel est le mat\u00e9riau du bo\u00eetier de la machine ?<br \/>\nDAYI:Nous utilisons de l'acier inoxydable pour les parties en contact direct avec les aliments.<\/p>\n<p>3. Quelle est la marque du moteur ? des composants \u00e9lectroniques ?<br \/>\nDAYI : Nous utilisons ABB ou SIEMENS, en fonction de vos besoins.<\/p>\n<p>4. si je peux utiliser une seule ligne de production pour produire de nombreux snacks diff\u00e9rents ?<br \/>\nDAYI:une ligne de production ne peut produire qu'une seule cat\u00e9gorie, mais peut produire des formes diff\u00e9rentes en changeant de moule.<\/p>\n<p>5.Quel type de combustible pouvons-nous choisir pour d\u00e9marrer la production ?<br \/>\nDAYI:Vous pouvez choisir le gaz, le diesel ou l'\u00e9lectricit\u00e9 comme carburant, mais veuillez faire part de votre id\u00e9e \u00e0 notre service commercial lorsque vous demandez un quota.<\/p>\n<p>6. pourrions-nous visiter votre usine afin de v\u00e9rifier soigneusement la machine ?<br \/>\nDAYI:Bien s\u00fbr, nous vous invitons chaleureusement \u00e0 venir dans notre usine pour discuter des d\u00e9tails.<\/p>\n<p>7) Quelle est la dur\u00e9e de la garantie de votre machine ?<br \/>\nDAYI:Normalement, notre garantie est d'un an, sauf pour les pi\u00e8ces facilement cassables.<\/p>\n<p>8. avez-vous les moyens de faire appel \u00e0 une \u00e9quipe de techniciens pour nous aider dans l'installation et la mise en service ?<br \/>\nDAYI : Nous pouvons envoyer une \u00e9quipe de techniciens dans votre pays pour aider \u00e0 l'installation, nous avons des \u00e9quipes professionnelles avec une grande exp\u00e9rience pour faire ce travail.<\/p>\n<p>9:Si nous avons des demandes tr\u00e8s sp\u00e9ciales pour la ligne de production, pourriez-vous m'aider \u00e0 y r\u00e9pondre ?<br \/>\nDAYI:Oui, nous pouvons offrir un service personnalis\u00e9, nous avons une \u00e9quipe technique qui se concentre sur ce travail, elle peut donc vous offrir le meilleur service.<\/p>","protected":false},"excerpt":{"rendered":"<p>Fond\u00e9e en 1996, la soci\u00e9t\u00e9 Jinan Dayi Extrusion Machinery Co. est un fabricant professionnel et une entreprise mod\u00e8le pour les machines d'extrusion alimentaire de pointe et \u00e0 haut rendement dans ce domaine. La soci\u00e9t\u00e9 DAYI rassemble une \u00e9quipe d'experts ayant vingt ans d'exp\u00e9rience dans l'industrie des machines d'extrusion. Elle s'efforce non seulement de rechercher en permanence des technologies d'extrusion, mais aussi d'explorer les processus alimentaires afin d'aider ses clients \u00e0 produire des aliments cr\u00e9atifs.<\/p>","protected":false},"featured_media":6253,"template":"","meta":{"_acf_changed":false},"product_brand":[],"product_cat":[106],"product_tag":[131,119,118,156],"class_list":{"0":"post-5980","1":"product","2":"type-product","3":"status-publish","4":"has-post-thumbnail","6":"product_cat-puffed-snack-food-machine","7":"product_tag-corn-flour-based-snack-extruder","8":"product_tag-corn-puffed-snack-food-machine","9":"product_tag-double-screw-extruder","10":"product_tag-maize-extruder-machine","12":"first","13":"instock","14":"shipping-taxable","15":"product-type-simple"},"acf":[],"_links":{"self":[{"href":"https:\/\/dayiextrudermachine.com\/fr\/wp-json\/wp\/v2\/product\/5980","targetHints":{"allow":["GET"]}}],"collection":[{"href":"https:\/\/dayiextrudermachine.com\/fr\/wp-json\/wp\/v2\/product"}],"about":[{"href":"https:\/\/dayiextrudermachine.com\/fr\/wp-json\/wp\/v2\/types\/product"}],"wp:featuredmedia":[{"embeddable":true,"href":"https:\/\/dayiextrudermachine.com\/fr\/wp-json\/wp\/v2\/media\/6253"}],"wp:attachment":[{"href":"https:\/\/dayiextrudermachine.com\/fr\/wp-json\/wp\/v2\/media?parent=5980"}],"wp:term":[{"taxonomy":"product_brand","embeddable":true,"href":"https:\/\/dayiextrudermachine.com\/fr\/wp-json\/wp\/v2\/product_brand?post=5980"},{"taxonomy":"product_cat","embeddable":true,"href":"https:\/\/dayiextrudermachine.com\/fr\/wp-json\/wp\/v2\/product_cat?post=5980"},{"taxonomy":"product_tag","embeddable":true,"href":"https:\/\/dayiextrudermachine.com\/fr\/wp-json\/wp\/v2\/product_tag?post=5980"}],"curies":[{"name":"wp","href":"https:\/\/api.w.org\/{rel}","templated":true}]}}