{"id":5914,"date":"2025-05-13T14:07:03","date_gmt":"2025-05-13T14:07:03","guid":{"rendered":"https:\/\/dayiextrudermachine.com\/?post_type=product&#038;p=5914"},"modified":"2026-01-29T02:59:35","modified_gmt":"2026-01-29T02:59:35","slug":"wheat-rice-and-corn-flour-based-snack-extruder","status":"publish","type":"product","link":"https:\/\/dayiextrudermachine.com\/fr\/produit\/wheat-rice-and-corn-flour-based-snack-extruder\/","title":{"rendered":"Wheat, Rice and Corn Flour Based Snack Extruder"},"content":{"rendered":"<p>Fond\u00e9e en 1996, la soci\u00e9t\u00e9 Jinan Dayi Extrusion Machinery Co. est un fabricant professionnel et une entreprise mod\u00e8le pour les machines d'extrusion alimentaire de pointe et \u00e0 haut rendement dans ce domaine. La soci\u00e9t\u00e9 DAYI rassemble une \u00e9quipe d'experts ayant vingt ans d'exp\u00e9rience dans l'industrie des machines d'extrusion. Elle s'efforce non seulement de rechercher en permanence des technologies d'extrusion, mais aussi d'explorer les processus alimentaires afin d'aider ses clients \u00e0 produire des aliments cr\u00e9atifs.<\/p>\n<p><img fetchpriority=\"high\" decoding=\"async\" class=\"alignnone size-full wp-image-5757\" src=\"https:\/\/dayiextrudermachine.com\/wp-content\/uploads\/2025\/04\/factory.jpg\" alt=\"\" width=\"1079\" height=\"322\" srcset=\"https:\/\/dayiextrudermachine.com\/wp-content\/uploads\/2025\/04\/factory.jpg 1079w, https:\/\/dayiextrudermachine.com\/wp-content\/uploads\/2025\/04\/factory-300x90.jpg 300w, https:\/\/dayiextrudermachine.com\/wp-content\/uploads\/2025\/04\/factory-1024x306.jpg 1024w, https:\/\/dayiextrudermachine.com\/wp-content\/uploads\/2025\/04\/factory-768x229.jpg 768w, https:\/\/dayiextrudermachine.com\/wp-content\/uploads\/2025\/04\/factory-600x179.jpg 600w\" sizes=\"(max-width: 1079px) 100vw, 1079px\" \/><\/p>\n<p>Apr\u00e8s des ann\u00e9es de recherche et de d\u00e9veloppement, notre technique d'extrusion \u00e0 vis unique et \u00e0 double vis a \u00e9t\u00e9 largement appliqu\u00e9e \u00e0 la production des produits suivants : snacks souffl\u00e9s, snacks fourr\u00e9s, c\u00e9r\u00e9ales pour petit-d\u00e9jeuner\/flocons de ma\u00efs, granul\u00e9s 2d\/3d, prot\u00e9ines de soja textur\u00e9es\/prot\u00e9ines de fibres\/viande v\u00e9g\u00e9tarienne, doritos\/chips tortilla, cheetos\/niknak\/kurkure, popcorn en boule\/en papillon, aliments \u00e0 base de farine frite, mie de pain, riz nutritionnel\/riz artificiel, poudre nutritionnelle\/poudre pour aliments pour b\u00e9b\u00e9s, et aliments pour animaux de compagnie, etc. Plus de vingt lignes de production avec des fonctions et des capacit\u00e9s diff\u00e9rentes peuvent \u00eatre choisies. Plus de vingt lignes de production aux fonctions et capacit\u00e9s diff\u00e9rentes peuvent \u00eatre choisies. Nous pouvons \u00e9galement fournir des services personnalis\u00e9s pour des exigences particuli\u00e8res.<\/p>\n<p>&#8220;Create Greatest Value for Clients&#8221; is our consistent concept and the base of long-term cooperation with clients. In these years, our machines have large domestic market share. Some food companies famous now grew up together with us, and many influential large food companies and groups have chosen us and set up long-term cooperation, such as, China Oishi Food Company (headquarters in Philippines), Panpan Food (Fuyuan Group), Hsufuchi Group, Fujian Qinqin Incorporated, Wangwang Group, Master Kong Company, Tianjin Longkang Company, Jiangsu VV Group, Fuwa Group, Gloden Monkey Food Company, Hebei Dingda Food Group, Hangzhou Daen company, etc.<\/p>\n<p>Entre-temps, nos machines ont \u00e9t\u00e9 export\u00e9es vers une cinquantaine de pays et r\u00e9gions au cours de ces vingt derni\u00e8res ann\u00e9es, tels que la Malaisie, l'Indon\u00e9sie, les Philippines, le Vietnam, le Cambodge, la Tha\u00eflande, le Japon, la Cor\u00e9e du Sud, l'Inde, le Pakistan, la Russie, le Kazakhstan, l'Ouzb\u00e9kistan, le Turkm\u00e9nistan, la Jordanie, l'Iran, Isra\u00ebl, les \u00c9mirats arabes unis, l'\u00c9gypte, l'Afrique du Sud, l'Alg\u00e9rie, le Congo, les Pays-Bas, la Pologne, la Mac\u00e9doine, la Tch\u00e9quie, le Br\u00e9sil, l'Argentine, le Mexique, l'Australie, etc. Les machines Dayi ont acquis une grande r\u00e9putation pour leur haute qualit\u00e9, leur faible co\u00fbt et leur faible consommation. Nous continuerons \u00e0 fournir les meilleures machines et les meilleurs services.<\/p>\n<p><img decoding=\"async\" class=\"alignnone size-full wp-image-5754\" src=\"https:\/\/dayiextrudermachine.com\/wp-content\/uploads\/2025\/04\/extruder-machine.jpg\" alt=\"\" width=\"1069\" height=\"345\" srcset=\"https:\/\/dayiextrudermachine.com\/wp-content\/uploads\/2025\/04\/extruder-machine.jpg 1069w, https:\/\/dayiextrudermachine.com\/wp-content\/uploads\/2025\/04\/extruder-machine-300x97.jpg 300w, https:\/\/dayiextrudermachine.com\/wp-content\/uploads\/2025\/04\/extruder-machine-1024x330.jpg 1024w, https:\/\/dayiextrudermachine.com\/wp-content\/uploads\/2025\/04\/extruder-machine-768x248.jpg 768w, https:\/\/dayiextrudermachine.com\/wp-content\/uploads\/2025\/04\/extruder-machine-600x194.jpg 600w\" sizes=\"(max-width: 1069px) 100vw, 1069px\" \/><\/p>\n<p>The key and key technology of the SLG twin screw food production line is the use of extrusion technology, which is the most &#8220;popular&#8221; and &#8220;high-tech&#8221; food processing technology in the world today. After being expanded, grains become larger in volume, fluffy in tissue, gelatinized in starch, and have an increase in water-soluble components, which are easily digested and absorbed by the human body. Therefore, they are widely welcomed by consumers from various countries.Our company&#8217;s fried snack production line mainly has three types of hosts to choose from, and the output and size of different hosts vary. Enterprises can decide based on their own production needs.<br \/>\nThe Most Cost-Effective Puffed Snack Food Extruder Making Machine Stainless Steel Frying Snacks Fully Automatic Fried French Chips Production Equipment<br \/>\nProcess flow of fried wheat flour snack production line: Mixer &#8211; Spiral extractor &#8211; Twin screw host &#8211; Traction cutting machine &#8211; Automatic fryer &#8211; Drum seasoning line<\/p>\n<p>Introduction aux principales fonctions de chaque \u00e9quipement de la cha\u00eene de production :<br \/>\n1. M\u00e9langeur : M\u00e9lange les mati\u00e8res premi\u00e8res et une certaine quantit\u00e9 d'eau n\u00e9cessaire \u00e0 la production de mani\u00e8re compl\u00e8te et r\u00e9guli\u00e8re afin de former les mat\u00e9riaux n\u00e9cessaires \u00e0 la production.<br \/>\n2. Alimentation en spirale : Les mati\u00e8res premi\u00e8res m\u00e9lang\u00e9es sont transport\u00e9es vers la tr\u00e9mie d'alimentation de l'extrudeuse, et l'utilisation d'une tige en spirale permet d'assurer une alimentation uniforme et stable sans dispersion facile. La tige en spirale a \u00e9galement une fonction d'agitation secondaire.<br \/>\n3. H\u00f4te \u00e0 double vis : les mat\u00e9riaux de production m\u00e9lang\u00e9s sont extrud\u00e9s et expans\u00e9s, et les mat\u00e9riaux sont soumis \u00e0 une extrusion et \u00e0 un malaxage \u00e0 haute temp\u00e9rature et \u00e0 haute pression dans l'extrudeuse, et enfin extrud\u00e9s et form\u00e9s par l'extrudeuse.<br \/>\n4. Machine de d\u00e9coupe par traction : Tirer et couper les produits semi-finis en produits de m\u00eame taille et de m\u00eame forme.<br \/>\n5. Friteuse automatique : Frire le produit coup\u00e9 pour lui donner un go\u00fbt croustillant. Les friteuses automatiques sont faciles \u00e0 contr\u00f4ler la temp\u00e9rature, hautement automatis\u00e9es et permettent une friture uniforme.<br \/>\n6. Machine \u00e0 assaisonner octogonale : Le produit frit est assaisonn\u00e9 et la saveur peut \u00eatre d\u00e9termin\u00e9e en fonction des besoins de production. Notre soci\u00e9t\u00e9 dispose \u00e9galement de diverses configurations d'\u00e9quipement d'assaisonnement.<br \/>\nEquipment advantages:<\/p>\n<p>1. The motor and distribution box adopt direct transmission to reduce energy loss<br \/>\n2. Modular composite alloy material screw, which can be freely combined according to raw materials and products<br \/>\n3. The machine barrel is equipped with a water injection device, a fully automatic heating and circulating cooling system, and accurate temperature control<br \/>\n4. The feeding, rotary cutting, and main drive all adopt a frequency conversion speed control system, which has strong power and smooth operation<br \/>\n5. The feeding system adopts double spiral forced feeding<br \/>\n6. The rotary cutting device adopts a suspended mold assembly and a linear bearing knife adjustment device, which is safe, accurate, and fast.<br \/>\n7. Adopting imported bearings, with strong load-bearing capacity.<br \/>\n8. Automatic lubrication system reduces mechanical energy consumption and extends service life.<\/p>\n<p><img decoding=\"async\" class=\"alignnone size-full wp-image-5749\" src=\"https:\/\/dayiextrudermachine.com\/wp-content\/uploads\/2025\/04\/\u8bc1\u4e66-1.png\" alt=\"\" width=\"1316\" height=\"452\" srcset=\"https:\/\/dayiextrudermachine.com\/wp-content\/uploads\/2025\/04\/\u8bc1\u4e66-1.png 1316w, https:\/\/dayiextrudermachine.com\/wp-content\/uploads\/2025\/04\/\u8bc1\u4e66-1-300x103.png 300w, https:\/\/dayiextrudermachine.com\/wp-content\/uploads\/2025\/04\/\u8bc1\u4e66-1-1024x352.png 1024w, https:\/\/dayiextrudermachine.com\/wp-content\/uploads\/2025\/04\/\u8bc1\u4e66-1-768x264.png 768w, https:\/\/dayiextrudermachine.com\/wp-content\/uploads\/2025\/04\/\u8bc1\u4e66-1-600x206.png 600w\" sizes=\"(max-width: 1316px) 100vw, 1316px\" \/><\/p>\n<p>Q: Are you a trade company or a manufacturer?<br \/>\nA: we are a manufacturer, welcome to visit our factory and check the machines.<\/p>\n<p>Q: How long is your delivery time?<br \/>\nA: Generally it is 5-10 days if the goods are in stock. or it is 15-20 days if the goods are not in stock, we could discuss before contract.<\/p>\n<p>Q: Could you supply all the parameters about the machines?<br \/>\nA: Yes, we will supply all the parameters, price, layout drawing, factory design etc.<\/p>\n<p>Q: What is your terms of payment ?<br \/>\nA: 30% T\/T in advance , 70% balance before shipment after inspection.<\/p>\n<p>Q: How about the after-service?<br \/>\nA: We will provide 24 hours on line service and professional on line training.<\/p>\n<p>Q:Do you supply any formula to buyer?<br \/>\nA: yes, we supply formulas to buyer.<\/p>\n<p>Q: How about the machine warranty?<br \/>\nA: We provide 1 year warranty, Lifetime service<\/p>","protected":false},"excerpt":{"rendered":"<p>Fond\u00e9e en 1996, la soci\u00e9t\u00e9 Jinan Dayi Extrusion Machinery Co. est un fabricant professionnel et une entreprise mod\u00e8le pour les machines d'extrusion alimentaire de pointe et \u00e0 haut rendement dans ce domaine. La soci\u00e9t\u00e9 DAYI rassemble une \u00e9quipe d'experts ayant vingt ans d'exp\u00e9rience dans l'industrie des machines d'extrusion. Elle s'efforce non seulement de rechercher en permanence des technologies d'extrusion, mais aussi d'explorer les processus alimentaires afin d'aider ses clients \u00e0 produire des aliments cr\u00e9atifs.<\/p>","protected":false},"featured_media":6253,"template":"","meta":{"_acf_changed":false},"product_brand":[],"product_cat":[106],"product_tag":[131,119,118],"class_list":{"0":"post-5914","1":"product","2":"type-product","3":"status-publish","4":"has-post-thumbnail","6":"product_cat-puffed-snack-food-machine","7":"product_tag-corn-flour-based-snack-extruder","8":"product_tag-corn-puffed-snack-food-machine","9":"product_tag-double-screw-extruder","11":"first","12":"instock","13":"shipping-taxable","14":"product-type-simple"},"acf":[],"_links":{"self":[{"href":"https:\/\/dayiextrudermachine.com\/fr\/wp-json\/wp\/v2\/product\/5914","targetHints":{"allow":["GET"]}}],"collection":[{"href":"https:\/\/dayiextrudermachine.com\/fr\/wp-json\/wp\/v2\/product"}],"about":[{"href":"https:\/\/dayiextrudermachine.com\/fr\/wp-json\/wp\/v2\/types\/product"}],"wp:featuredmedia":[{"embeddable":true,"href":"https:\/\/dayiextrudermachine.com\/fr\/wp-json\/wp\/v2\/media\/6253"}],"wp:attachment":[{"href":"https:\/\/dayiextrudermachine.com\/fr\/wp-json\/wp\/v2\/media?parent=5914"}],"wp:term":[{"taxonomy":"product_brand","embeddable":true,"href":"https:\/\/dayiextrudermachine.com\/fr\/wp-json\/wp\/v2\/product_brand?post=5914"},{"taxonomy":"product_cat","embeddable":true,"href":"https:\/\/dayiextrudermachine.com\/fr\/wp-json\/wp\/v2\/product_cat?post=5914"},{"taxonomy":"product_tag","embeddable":true,"href":"https:\/\/dayiextrudermachine.com\/fr\/wp-json\/wp\/v2\/product_tag?post=5914"}],"curies":[{"name":"wp","href":"https:\/\/api.w.org\/{rel}","templated":true}]}}