{"id":5906,"date":"2025-05-08T09:15:03","date_gmt":"2025-05-08T09:15:03","guid":{"rendered":"https:\/\/dayiextrudermachine.com\/?post_type=product&#038;p=5906"},"modified":"2026-01-29T03:07:21","modified_gmt":"2026-01-29T03:07:21","slug":"pet-snack-forming-machine-dog-food-making-machine","status":"publish","type":"product","link":"https:\/\/dayiextrudermachine.com\/fr\/produit\/pet-snack-forming-machine-dog-food-making-machine\/","title":{"rendered":"pet snack forming machine dog food making machine"},"content":{"rendered":"<p>Fond\u00e9e en 1996, la soci\u00e9t\u00e9 Jinan Dayi Extrusion Machinery Co. est un fabricant professionnel et une entreprise mod\u00e8le pour les machines d'extrusion alimentaire de pointe et \u00e0 haut rendement dans ce domaine. La soci\u00e9t\u00e9 DAYI rassemble une \u00e9quipe d'experts ayant vingt ans d'exp\u00e9rience dans l'industrie des machines d'extrusion. Elle s'efforce non seulement de rechercher en permanence des technologies d'extrusion, mais aussi d'explorer les processus alimentaires afin d'aider ses clients \u00e0 produire des aliments cr\u00e9atifs.<\/p>\n<p>Apr\u00e8s des ann\u00e9es de recherche et de d\u00e9veloppement, notre technique d'extrusion \u00e0 vis unique et \u00e0 double vis a \u00e9t\u00e9 largement appliqu\u00e9e \u00e0 la production des produits suivants : snacks souffl\u00e9s, snacks fourr\u00e9s, c\u00e9r\u00e9ales pour petit-d\u00e9jeuner\/flocons de ma\u00efs, granul\u00e9s 2d\/3d, prot\u00e9ines de soja textur\u00e9es\/prot\u00e9ines de fibres\/viande v\u00e9g\u00e9tarienne, doritos\/chips tortilla, cheetos\/niknak\/kurkure, popcorn en boule\/en papillon, aliments \u00e0 base de farine frite, mie de pain, riz nutritionnel\/riz artificiel, poudre nutritionnelle\/poudre pour aliments pour b\u00e9b\u00e9s, et aliments pour animaux de compagnie, etc. Plus de vingt lignes de production avec des fonctions et des capacit\u00e9s diff\u00e9rentes peuvent \u00eatre choisies. Plus de vingt lignes de production aux fonctions et capacit\u00e9s diff\u00e9rentes peuvent \u00eatre choisies. Nous pouvons \u00e9galement fournir des services personnalis\u00e9s pour des exigences particuli\u00e8res.<\/p>\n<p><img fetchpriority=\"high\" decoding=\"async\" class=\"alignnone wp-image-5757\" src=\"https:\/\/dayiextrudermachine.com\/wp-content\/uploads\/2025\/04\/factory.jpg\" alt=\"\" width=\"1307\" height=\"390\" srcset=\"https:\/\/dayiextrudermachine.com\/wp-content\/uploads\/2025\/04\/factory.jpg 1079w, https:\/\/dayiextrudermachine.com\/wp-content\/uploads\/2025\/04\/factory-300x90.jpg 300w, https:\/\/dayiextrudermachine.com\/wp-content\/uploads\/2025\/04\/factory-1024x306.jpg 1024w, https:\/\/dayiextrudermachine.com\/wp-content\/uploads\/2025\/04\/factory-768x229.jpg 768w, https:\/\/dayiextrudermachine.com\/wp-content\/uploads\/2025\/04\/factory-600x179.jpg 600w\" sizes=\"(max-width: 1307px) 100vw, 1307px\" \/><\/p>\n<p><img decoding=\"async\" class=\"alignnone wp-image-5754\" src=\"https:\/\/dayiextrudermachine.com\/wp-content\/uploads\/2025\/04\/extruder-machine.jpg\" alt=\"\" width=\"1311\" height=\"423\" srcset=\"https:\/\/dayiextrudermachine.com\/wp-content\/uploads\/2025\/04\/extruder-machine.jpg 1069w, https:\/\/dayiextrudermachine.com\/wp-content\/uploads\/2025\/04\/extruder-machine-300x97.jpg 300w, https:\/\/dayiextrudermachine.com\/wp-content\/uploads\/2025\/04\/extruder-machine-1024x330.jpg 1024w, https:\/\/dayiextrudermachine.com\/wp-content\/uploads\/2025\/04\/extruder-machine-768x248.jpg 768w, https:\/\/dayiextrudermachine.com\/wp-content\/uploads\/2025\/04\/extruder-machine-600x194.jpg 600w\" sizes=\"(max-width: 1311px) 100vw, 1311px\" \/><\/p>\n<p>&#8220;Create Greatest Value for Clients&#8221; is our consistent concept and the base of long-term cooperation with clients. In these years, our machines have large domestic market share. Some food companies famous now grew up together with us, and many influential large food companies and groups have chosen us and set up long-term cooperation, such as, China Oishi Food Company (headquarters in Philippines), Panpan Food (Fuyuan Group), Hsufuchi Group, Fujian Qinqin Incorporated, Wangwang Group, Master Kong Company, Tianjin Longkang Company, Jiangsu VV Group, Fuwa Group, Gloden Monkey Food Company, Hebei Dingda Food Group, Hangzhou Daen company, etc.<\/p>\n<p>Entre-temps, nos machines ont \u00e9t\u00e9 export\u00e9es vers une cinquantaine de pays et r\u00e9gions au cours de ces vingt derni\u00e8res ann\u00e9es, tels que la Malaisie, l'Indon\u00e9sie, les Philippines, le Vietnam, le Cambodge, la Tha\u00eflande, le Japon, la Cor\u00e9e du Sud, l'Inde, le Pakistan, la Russie, le Kazakhstan, l'Ouzb\u00e9kistan, le Turkm\u00e9nistan, la Jordanie, l'Iran, Isra\u00ebl, les \u00c9mirats arabes unis, l'\u00c9gypte, l'Afrique du Sud, l'Alg\u00e9rie, le Congo, les Pays-Bas, la Pologne, la Mac\u00e9doine, la Tch\u00e9quie, le Br\u00e9sil, l'Argentine, le Mexique, l'Australie, etc. Les machines Dayi ont acquis une grande r\u00e9putation pour leur haute qualit\u00e9, leur faible co\u00fbt et leur faible consommation. Nous continuerons \u00e0 fournir les meilleures machines et les meilleurs services.<\/p>\n<p>Dog cat daily pet food processing line<br \/>\nBrief decription:<\/p>\n<p>This Dog cat daily pet food processing line endues pet food with the amount of nutrition, digestible structure, novel shape, and unique taste to meet with the needs of modern market. With the increasing variety of pet, people require more and more different pet foods. In order to meet various feeding demands.Our company develped this pet food processing line.<\/p>\n<p>Easy operation and accurate control can ensure the food quaility under stable temperature, pressure, humidity and other circumstances. This pet food processing line maily uses the meat meal, fish meal, bone powder, corn powder, soya meal and other garins powder as raw materials to produce the innovative shapes, high nutritional and savory state pet food for dog, cat, fox, bird, and also the floating or sinking fish shrimp feed.<br \/>\nThe pet food production line developed by our company endows pet food with novel forms, unique flavors, and colors. And it adapts to the needs of the modern pet food market with the most scientific nutritional ratio and easy digestion characteristics. Taking extruded dog chew glue as an example, it undergoes scientific mixing of various materials, is extruded in an extrusion machine, and finally extruded into different shapes such as stick and bone chew pet food. It can provide essential nutrients for canine animals, such as protein, fat, vitamins, etc., as well as provide teeth grinding for dogs of different ages to satisfy their chewing habits. At the same time, it can also strengthen gums and jawbones, clean the oral cavity, remove tartar, and reduce disease transmission.<\/p>\n<p><img decoding=\"async\" class=\"alignnone size-full wp-image-5749\" src=\"https:\/\/dayiextrudermachine.com\/wp-content\/uploads\/2025\/04\/\u8bc1\u4e66-1.png\" alt=\"\" width=\"1316\" height=\"452\" srcset=\"https:\/\/dayiextrudermachine.com\/wp-content\/uploads\/2025\/04\/\u8bc1\u4e66-1.png 1316w, https:\/\/dayiextrudermachine.com\/wp-content\/uploads\/2025\/04\/\u8bc1\u4e66-1-300x103.png 300w, https:\/\/dayiextrudermachine.com\/wp-content\/uploads\/2025\/04\/\u8bc1\u4e66-1-1024x352.png 1024w, https:\/\/dayiextrudermachine.com\/wp-content\/uploads\/2025\/04\/\u8bc1\u4e66-1-768x264.png 768w, https:\/\/dayiextrudermachine.com\/wp-content\/uploads\/2025\/04\/\u8bc1\u4e66-1-600x206.png 600w\" sizes=\"(max-width: 1316px) 100vw, 1316px\" \/><\/p>\n<p>Q: Are you a trade company or a manufacturer?<br \/>\nA: we are a manufacturer, welcome to visit our factory and check the machines.<\/p>\n<p>Q: How long is your delivery time?<br \/>\nA: Generally it is 5-10 days if the goods are in stock. or it is 15-20 days if the goods are not in stock, we could discuss before contract.<\/p>\n<p>Q: Could you supply all the parameters about the machines?<br \/>\nA: Yes, we will supply all the parameters, price, layout drawing, factory design etc.<\/p>\n<p>Q: What is your terms of payment ?<br \/>\nA: 30% T\/T in advance , 70% balance before shipment after inspection.<\/p>\n<p>Q: How about the after-service?<br \/>\nA: We will provide 24 hours on line service and professional on line training.<\/p>\n<p>Q:Do you supply any formula to buyer?<br \/>\nA: yes, we supply formulas to buyer.<\/p>\n<p>Q: How about the machine warranty?<\/p>","protected":false},"excerpt":{"rendered":"<p>Established in 1996, Jinan Dayi Extrusion Machinery Co., Ltd has been the professional manufacturer and the model company for advanced and high efficient extrusion food machinery in this field. DAYI Company congregates an expert team with twenty-year experiences in this extrusion machine industry, not only working hard to constantly researching extrusion technology, but also exploring [&hellip;]<\/p>\n","protected":false},"featured_media":6259,"template":"","meta":{"_acf_changed":false},"product_brand":[],"product_cat":[113],"product_tag":[115,114],"class_list":{"0":"post-5906","1":"product","2":"type-product","3":"status-publish","4":"has-post-thumbnail","6":"product_cat-pet-food-production-line","7":"product_tag-dog-food-making-machine","8":"product_tag-pet-food-production-line","10":"first","11":"instock","12":"shipping-taxable","13":"product-type-simple"},"acf":[],"_links":{"self":[{"href":"https:\/\/dayiextrudermachine.com\/fr\/wp-json\/wp\/v2\/product\/5906","targetHints":{"allow":["GET"]}}],"collection":[{"href":"https:\/\/dayiextrudermachine.com\/fr\/wp-json\/wp\/v2\/product"}],"about":[{"href":"https:\/\/dayiextrudermachine.com\/fr\/wp-json\/wp\/v2\/types\/product"}],"wp:featuredmedia":[{"embeddable":true,"href":"https:\/\/dayiextrudermachine.com\/fr\/wp-json\/wp\/v2\/media\/6259"}],"wp:attachment":[{"href":"https:\/\/dayiextrudermachine.com\/fr\/wp-json\/wp\/v2\/media?parent=5906"}],"wp:term":[{"taxonomy":"product_brand","embeddable":true,"href":"https:\/\/dayiextrudermachine.com\/fr\/wp-json\/wp\/v2\/product_brand?post=5906"},{"taxonomy":"product_cat","embeddable":true,"href":"https:\/\/dayiextrudermachine.com\/fr\/wp-json\/wp\/v2\/product_cat?post=5906"},{"taxonomy":"product_tag","embeddable":true,"href":"https:\/\/dayiextrudermachine.com\/fr\/wp-json\/wp\/v2\/product_tag?post=5906"}],"curies":[{"name":"wp","href":"https:\/\/api.w.org\/{rel}","templated":true}]}}