{"id":5762,"date":"2025-04-28T07:29:39","date_gmt":"2025-04-28T07:29:39","guid":{"rendered":"https:\/\/dayiextrudermachine.com\/?post_type=product&#038;p=5762"},"modified":"2026-01-29T03:10:35","modified_gmt":"2026-01-29T03:10:35","slug":"cheetos-kurkure-puffs-cheese-snack-food-extruder","status":"publish","type":"product","link":"https:\/\/dayiextrudermachine.com\/fr\/produit\/cheetos-kurkure-puffs-cheese-snack-food-extruder\/","title":{"rendered":"Extrudeuse pour Cheetos Kurkure Puffs Cheese Snack Food"},"content":{"rendered":"<p>Extrudeuse pour Cheetos Kurkure Puffs Cheese Snack Food<\/p>\n<p>Description<br \/>\nFried cheetos kurkure niknak processing line<br \/>\nBrief decription:<br \/>\nThis Fried cheetos kurkure niknak processing line can use corn grits instead of the powder material to produce the irregular stick sanack. This extruder is specially designed with one screw only for such cheetos, kurkure, or niknak. After shaped from extruder, the products will be sent into the rotary sifter to take down extra grits sticky on the surface. The waste grits can be collected and used again as raw materials. So this processing line can lower down the production cost. After fried and flavored, the final cheetos or kurkure will be more tasty and crispy.<br \/>\nProduction Flow:<br \/>\nFlour Mixer \u2192 Cheetos Extruder \u2192 Conveyor \u2192 Rotary Sifter \u2192 Elevator \u2192 Fryer \u2192 Vibrating De-Oiler \u2192 Flavoring Line \u2192 Cooling Conveyor<\/p>\n<p><img fetchpriority=\"high\" decoding=\"async\" class=\"alignnone size-full wp-image-5763\" src=\"https:\/\/dayiextrudermachine.com\/wp-content\/uploads\/2025\/04\/kurkure1.jpg\" alt=\"\" width=\"1109\" height=\"303\" srcset=\"https:\/\/dayiextrudermachine.com\/wp-content\/uploads\/2025\/04\/kurkure1.jpg 1109w, https:\/\/dayiextrudermachine.com\/wp-content\/uploads\/2025\/04\/kurkure1-300x82.jpg 300w, https:\/\/dayiextrudermachine.com\/wp-content\/uploads\/2025\/04\/kurkure1-1024x280.jpg 1024w, https:\/\/dayiextrudermachine.com\/wp-content\/uploads\/2025\/04\/kurkure1-768x210.jpg 768w, https:\/\/dayiextrudermachine.com\/wp-content\/uploads\/2025\/04\/kurkure1-600x164.jpg 600w\" sizes=\"(max-width: 1109px) 100vw, 1109px\" \/><\/p>\n<p><img decoding=\"async\" class=\"alignnone size-full wp-image-5754\" src=\"https:\/\/dayiextrudermachine.com\/wp-content\/uploads\/2025\/04\/extruder-machine.jpg\" alt=\"\" width=\"1069\" height=\"345\" srcset=\"https:\/\/dayiextrudermachine.com\/wp-content\/uploads\/2025\/04\/extruder-machine.jpg 1069w, https:\/\/dayiextrudermachine.com\/wp-content\/uploads\/2025\/04\/extruder-machine-300x97.jpg 300w, https:\/\/dayiextrudermachine.com\/wp-content\/uploads\/2025\/04\/extruder-machine-1024x330.jpg 1024w, https:\/\/dayiextrudermachine.com\/wp-content\/uploads\/2025\/04\/extruder-machine-768x248.jpg 768w, https:\/\/dayiextrudermachine.com\/wp-content\/uploads\/2025\/04\/extruder-machine-600x194.jpg 600w\" sizes=\"(max-width: 1069px) 100vw, 1069px\" \/><\/p>\n<p><img decoding=\"async\" class=\"alignnone size-full wp-image-5757\" src=\"https:\/\/dayiextrudermachine.com\/wp-content\/uploads\/2025\/04\/factory.jpg\" alt=\"\" width=\"1079\" height=\"322\" srcset=\"https:\/\/dayiextrudermachine.com\/wp-content\/uploads\/2025\/04\/factory.jpg 1079w, https:\/\/dayiextrudermachine.com\/wp-content\/uploads\/2025\/04\/factory-300x90.jpg 300w, https:\/\/dayiextrudermachine.com\/wp-content\/uploads\/2025\/04\/factory-1024x306.jpg 1024w, https:\/\/dayiextrudermachine.com\/wp-content\/uploads\/2025\/04\/factory-768x229.jpg 768w, https:\/\/dayiextrudermachine.com\/wp-content\/uploads\/2025\/04\/factory-600x179.jpg 600w\" sizes=\"(max-width: 1079px) 100vw, 1079px\" \/><\/p>\n<p>En g\u00e9n\u00e9ral, les questions que vous rencontrerez lors du choix de la machine appropri\u00e9e :<br \/>\n1.Si l'alimentation \u00e9lectrique de notre pays n'est pas 3ph 380v 50hz, diff\u00e9rente de celle que vous utilisez en Chine, pourriez-vous nous fournir la machine appropri\u00e9e ?<br \/>\nDAYI:Oui, nous pouvons vous proposer la machine appropri\u00e9e en fonction de votre alimentation \u00e9lectrique, par exemple : 3ph 415v 50hz, 3ph 380v 60hz, 3ph 440v 60hz, 3ph 220v,60hz.<\/p>\n<p>2. Quel est le mat\u00e9riau du bo\u00eetier de la machine ?<br \/>\nDAYI:Nous utilisons de l'acier inoxydable pour les parties en contact direct avec les aliments.<\/p>\n<p>3. Quelle est la marque du moteur ? des composants \u00e9lectroniques ?<br \/>\nDAYI : Nous utilisons ABB ou SIEMENS, en fonction de vos besoins.<\/p>\n<p>4. si je peux utiliser une seule ligne de production pour produire de nombreux snacks diff\u00e9rents ?<br \/>\nDAYI:une ligne de production ne peut produire qu'une seule cat\u00e9gorie, mais peut produire des formes diff\u00e9rentes en changeant de moule.<\/p>\n<p>5.Quel type de combustible pouvons-nous choisir pour d\u00e9marrer la production ?<br \/>\nDAYI:Vous pouvez choisir le gaz, le diesel ou l'\u00e9lectricit\u00e9 comme carburant, mais veuillez faire part de votre id\u00e9e \u00e0 notre service commercial lorsque vous demandez un quota.<\/p>\n<p>6. pourrions-nous visiter votre usine afin de v\u00e9rifier soigneusement la machine ?<br \/>\nDAYI:Bien s\u00fbr, nous vous invitons chaleureusement \u00e0 venir dans notre usine pour discuter des d\u00e9tails.<\/p>\n<p>7) Quelle est la dur\u00e9e de la garantie de votre machine ?<br \/>\nDAYI:Normalement, notre garantie est d'un an, sauf pour les pi\u00e8ces facilement cassables.<\/p>\n<p>8. avez-vous les moyens de faire appel \u00e0 une \u00e9quipe de techniciens pour nous aider dans l'installation et la mise en service ?<br \/>\nDAYI : Nous pouvons envoyer une \u00e9quipe de techniciens dans votre pays pour aider \u00e0 l'installation, nous avons des \u00e9quipes professionnelles avec une grande exp\u00e9rience pour faire ce travail.<\/p>\n<p>9:Si nous avons des demandes tr\u00e8s sp\u00e9ciales pour la ligne de production, pourriez-vous m'aider \u00e0 y r\u00e9pondre ?<br \/>\nDAYI:Oui, nous pouvons offrir un service personnalis\u00e9, nous avons une \u00e9quipe technique qui se concentre sur ce travail, elle peut donc vous offrir le meilleur service.<\/p>","protected":false},"excerpt":{"rendered":"<p>Extrudeuse pour Cheetos Kurkure Puffs Cheese Snack Food<\/p>","protected":false},"featured_media":6265,"template":"","meta":{"_acf_changed":false},"product_brand":[],"product_cat":[124],"product_tag":[118,126,125],"class_list":{"0":"post-5762","1":"product","2":"type-product","3":"status-publish","4":"has-post-thumbnail","6":"product_cat-cheetos-processing-line","7":"product_tag-double-screw-extruder","8":"product_tag-kurkure-cheetos-production-line","9":"product_tag-kurkure-making-machine","11":"first","12":"instock","13":"shipping-taxable","14":"product-type-simple"},"acf":[],"_links":{"self":[{"href":"https:\/\/dayiextrudermachine.com\/fr\/wp-json\/wp\/v2\/product\/5762","targetHints":{"allow":["GET"]}}],"collection":[{"href":"https:\/\/dayiextrudermachine.com\/fr\/wp-json\/wp\/v2\/product"}],"about":[{"href":"https:\/\/dayiextrudermachine.com\/fr\/wp-json\/wp\/v2\/types\/product"}],"wp:featuredmedia":[{"embeddable":true,"href":"https:\/\/dayiextrudermachine.com\/fr\/wp-json\/wp\/v2\/media\/6265"}],"wp:attachment":[{"href":"https:\/\/dayiextrudermachine.com\/fr\/wp-json\/wp\/v2\/media?parent=5762"}],"wp:term":[{"taxonomy":"product_brand","embeddable":true,"href":"https:\/\/dayiextrudermachine.com\/fr\/wp-json\/wp\/v2\/product_brand?post=5762"},{"taxonomy":"product_cat","embeddable":true,"href":"https:\/\/dayiextrudermachine.com\/fr\/wp-json\/wp\/v2\/product_cat?post=5762"},{"taxonomy":"product_tag","embeddable":true,"href":"https:\/\/dayiextrudermachine.com\/fr\/wp-json\/wp\/v2\/product_tag?post=5762"}],"curies":[{"name":"wp","href":"https:\/\/api.w.org\/{rel}","templated":true}]}}