{"id":5758,"date":"2025-04-28T06:50:47","date_gmt":"2025-04-28T06:50:47","guid":{"rendered":"https:\/\/dayiextrudermachine.com\/?post_type=product&#038;p=5758"},"modified":"2026-01-29T03:15:20","modified_gmt":"2026-01-29T03:15:20","slug":"fortified-rice-making-machine-instant-rice-production-line","status":"publish","type":"product","link":"https:\/\/dayiextrudermachine.com\/fr\/produit\/fortified-rice-making-machine-instant-rice-production-line\/","title":{"rendered":"Machine de fabrication de riz enrichi Ligne de production de riz instantan\u00e9"},"content":{"rendered":"<p>Fond\u00e9e en 1996, la soci\u00e9t\u00e9 Jinan Dayi Extrusion Machinery Co. est un fabricant professionnel et une entreprise mod\u00e8le pour les machines d'extrusion alimentaire de pointe et \u00e0 haut rendement dans ce domaine. La soci\u00e9t\u00e9 DAYI rassemble une \u00e9quipe d'experts ayant vingt ans d'exp\u00e9rience dans l'industrie des machines d'extrusion. Elle s'efforce non seulement de rechercher en permanence des technologies d'extrusion, mais aussi d'explorer les processus alimentaires afin d'aider ses clients \u00e0 produire des aliments cr\u00e9atifs.<\/p>\n<p>Apr\u00e8s des ann\u00e9es de recherche et de d\u00e9veloppement, notre technique d'extrusion \u00e0 vis unique et \u00e0 double vis a \u00e9t\u00e9 largement appliqu\u00e9e \u00e0 la production des produits suivants : snacks souffl\u00e9s, snacks fourr\u00e9s, c\u00e9r\u00e9ales pour petit-d\u00e9jeuner\/flocons de ma\u00efs, granul\u00e9s 2d\/3d, prot\u00e9ines de soja textur\u00e9es\/prot\u00e9ines de fibres\/viande v\u00e9g\u00e9tarienne, doritos\/chips tortilla, cheetos\/niknak\/kurkure, popcorn en boule\/en papillon, aliments \u00e0 base de farine frite, mie de pain, riz nutritionnel\/riz artificiel, poudre nutritionnelle\/poudre pour aliments pour b\u00e9b\u00e9s, et aliments pour animaux de compagnie, etc. Plus de vingt lignes de production avec des fonctions et des capacit\u00e9s diff\u00e9rentes peuvent \u00eatre choisies. Plus de vingt lignes de production aux fonctions et capacit\u00e9s diff\u00e9rentes peuvent \u00eatre choisies. Nous pouvons \u00e9galement fournir des services personnalis\u00e9s pour des exigences particuli\u00e8res.<\/p>\n<p>&#8220;Create Greatest Value for Clients&#8221; is our consistent concept and the base of long-term cooperation with clients. In these years, our machines have large domestic market share. Some food companies famous now grew up together with us, and many influential large food companies and groups have chosen us and set up long-term cooperation, such as, China Oishi Food Company (headquarters in Philippines), Panpan Food (Fuyuan Group), Hsufuchi Group, Fujian Qinqin Incorporated, Wangwang Group, Master Kong Company, Tianjin Longkang Company, Jiangsu VV Group, Fuwa Group, Gloden Monkey Food Company, Hebei Dingda Food Group, Hangzhou Daen company, etc.<\/p>\n<p>Entre-temps, nos machines ont \u00e9t\u00e9 export\u00e9es vers une cinquantaine de pays et r\u00e9gions au cours de ces vingt derni\u00e8res ann\u00e9es, tels que la Malaisie, l'Indon\u00e9sie, les Philippines, le Vietnam, le Cambodge, la Tha\u00eflande, le Japon, la Cor\u00e9e du Sud, l'Inde, le Pakistan, la Russie, le Kazakhstan, l'Ouzb\u00e9kistan, le Turkm\u00e9nistan, la Jordanie, l'Iran, Isra\u00ebl, les \u00c9mirats arabes unis, l'\u00c9gypte, l'Afrique du Sud, l'Alg\u00e9rie, le Congo, les Pays-Bas, la Pologne, la Mac\u00e9doine, la Tch\u00e9quie, le Br\u00e9sil, l'Argentine, le Mexique, l'Australie, etc. Les machines Dayi ont acquis une grande r\u00e9putation pour leur haute qualit\u00e9, leur faible co\u00fbt et leur faible consommation. Nous continuerons \u00e0 fournir les meilleures machines et les meilleurs services.<\/p>\n<p><img fetchpriority=\"high\" decoding=\"async\" class=\"alignnone size-full wp-image-5759\" src=\"https:\/\/dayiextrudermachine.com\/wp-content\/uploads\/2025\/04\/nutrition-rice.jpg\" alt=\"\" width=\"1089\" height=\"626\" srcset=\"https:\/\/dayiextrudermachine.com\/wp-content\/uploads\/2025\/04\/nutrition-rice.jpg 1089w, https:\/\/dayiextrudermachine.com\/wp-content\/uploads\/2025\/04\/nutrition-rice-300x172.jpg 300w, https:\/\/dayiextrudermachine.com\/wp-content\/uploads\/2025\/04\/nutrition-rice-1024x589.jpg 1024w, https:\/\/dayiextrudermachine.com\/wp-content\/uploads\/2025\/04\/nutrition-rice-768x441.jpg 768w, https:\/\/dayiextrudermachine.com\/wp-content\/uploads\/2025\/04\/nutrition-rice-600x345.jpg 600w\" sizes=\"(max-width: 1089px) 100vw, 1089px\" \/><\/p>\n<p>En g\u00e9n\u00e9ral, les questions que vous rencontrerez lors du choix de la machine appropri\u00e9e :<br \/>\n1.Si l'alimentation \u00e9lectrique de notre pays n'est pas 3ph 380v 50hz, diff\u00e9rente de celle que vous utilisez en Chine, pourriez-vous nous fournir la machine appropri\u00e9e ?<br \/>\nDAYI:Oui, nous pouvons vous proposer la machine appropri\u00e9e en fonction de votre alimentation \u00e9lectrique, par exemple : 3ph 415v 50hz, 3ph 380v 60hz, 3ph 440v 60hz, 3ph 220v,60hz.<\/p>\n<p>2. Quel est le mat\u00e9riau du bo\u00eetier de la machine ?<br \/>\nDAYI:Nous utilisons de l'acier inoxydable pour les parties en contact direct avec les aliments.<\/p>\n<p>3. Quelle est la marque du moteur ? des composants \u00e9lectroniques ?<br \/>\nDAYI : Nous utilisons ABB ou SIEMENS, en fonction de vos besoins.<\/p>\n<p>4. si je peux utiliser une seule ligne de production pour produire de nombreux snacks diff\u00e9rents ?<br \/>\nDAYI:une ligne de production ne peut produire qu'une seule cat\u00e9gorie, mais peut produire des formes diff\u00e9rentes en changeant de moule.<\/p>\n<p>5.Quel type de combustible pouvons-nous choisir pour d\u00e9marrer la production ?<br \/>\nDAYI:Vous pouvez choisir le gaz, le diesel ou l'\u00e9lectricit\u00e9 comme carburant, mais veuillez faire part de votre id\u00e9e \u00e0 notre service commercial lorsque vous demandez un quota.<\/p>\n<p>6. pourrions-nous visiter votre usine afin de v\u00e9rifier soigneusement la machine ?<br \/>\nDAYI:Bien s\u00fbr, nous vous invitons chaleureusement \u00e0 venir dans notre usine pour discuter des d\u00e9tails.<\/p>\n<p>7) Quelle est la dur\u00e9e de la garantie de votre machine ?<br \/>\nDAYI:Normalement, notre garantie est d'un an, sauf pour les pi\u00e8ces facilement cassables.<\/p>\n<p>8. avez-vous les moyens de faire appel \u00e0 une \u00e9quipe de techniciens pour nous aider dans l'installation et la mise en service ?<br \/>\nDAYI : Nous pouvons envoyer une \u00e9quipe de techniciens dans votre pays pour aider \u00e0 l'installation, nous avons des \u00e9quipes professionnelles avec une grande exp\u00e9rience pour faire ce travail.<\/p>\n<p>9:Si nous avons des demandes tr\u00e8s sp\u00e9ciales pour la ligne de production, pourriez-vous m'aider \u00e0 y r\u00e9pondre ?<br \/>\nDAYI:Oui, nous pouvons offrir un service personnalis\u00e9, nous avons une \u00e9quipe technique qui se concentre sur ce travail, elle peut donc vous offrir le meilleur service.<\/p>","protected":false},"excerpt":{"rendered":"<p>Fond\u00e9e en 1996, la soci\u00e9t\u00e9 Jinan Dayi Extrusion Machinery Co. est un fabricant professionnel et une entreprise mod\u00e8le pour les machines d'extrusion alimentaire de pointe et \u00e0 haut rendement dans ce domaine. La soci\u00e9t\u00e9 DAYI rassemble une \u00e9quipe d'experts ayant vingt ans d'exp\u00e9rience dans l'industrie des machines d'extrusion. Elle s'efforce non seulement de rechercher en permanence des technologies d'extrusion, mais aussi d'explorer les processus alimentaires afin d'aider ses clients \u00e0 produire des aliments cr\u00e9atifs.<\/p>","protected":false},"featured_media":6273,"template":"","meta":{"_acf_changed":false},"product_brand":[],"product_cat":[107],"product_tag":[121,122,123],"class_list":{"0":"post-5758","1":"product","2":"type-product","3":"status-publish","4":"has-post-thumbnail","6":"product_cat-fortified-rice-making-machine","7":"product_tag-fortified-rice-making-machine","8":"product_tag-instant-rice-production-line","9":"product_tag-nutrition-rice-processing-line","11":"first","12":"instock","13":"shipping-taxable","14":"product-type-simple"},"acf":[],"_links":{"self":[{"href":"https:\/\/dayiextrudermachine.com\/fr\/wp-json\/wp\/v2\/product\/5758","targetHints":{"allow":["GET"]}}],"collection":[{"href":"https:\/\/dayiextrudermachine.com\/fr\/wp-json\/wp\/v2\/product"}],"about":[{"href":"https:\/\/dayiextrudermachine.com\/fr\/wp-json\/wp\/v2\/types\/product"}],"wp:featuredmedia":[{"embeddable":true,"href":"https:\/\/dayiextrudermachine.com\/fr\/wp-json\/wp\/v2\/media\/6273"}],"wp:attachment":[{"href":"https:\/\/dayiextrudermachine.com\/fr\/wp-json\/wp\/v2\/media?parent=5758"}],"wp:term":[{"taxonomy":"product_brand","embeddable":true,"href":"https:\/\/dayiextrudermachine.com\/fr\/wp-json\/wp\/v2\/product_brand?post=5758"},{"taxonomy":"product_cat","embeddable":true,"href":"https:\/\/dayiextrudermachine.com\/fr\/wp-json\/wp\/v2\/product_cat?post=5758"},{"taxonomy":"product_tag","embeddable":true,"href":"https:\/\/dayiextrudermachine.com\/fr\/wp-json\/wp\/v2\/product_tag?post=5758"}],"curies":[{"name":"wp","href":"https:\/\/api.w.org\/{rel}","templated":true}]}}