{"id":5751,"date":"2025-04-28T06:01:41","date_gmt":"2025-04-28T06:01:41","guid":{"rendered":"https:\/\/dayiextrudermachine.com\/?post_type=product&#038;p=5751"},"modified":"2026-01-29T03:17:23","modified_gmt":"2026-01-29T03:17:23","slug":"double-screw-extruder","status":"publish","type":"product","link":"https:\/\/dayiextrudermachine.com\/fr\/produit\/double-screw-extruder\/","title":{"rendered":"corn puffed snack food machine puffed snack food making machine double screw extruder"},"content":{"rendered":"<p><img fetchpriority=\"high\" decoding=\"async\" class=\"alignnone size-full wp-image-5753\" src=\"https:\/\/dayiextrudermachine.com\/wp-content\/uploads\/2025\/04\/puffed-snack-food-1.jpg\" alt=\"\" width=\"764\" height=\"690\" srcset=\"https:\/\/dayiextrudermachine.com\/wp-content\/uploads\/2025\/04\/puffed-snack-food-1.jpg 764w, https:\/\/dayiextrudermachine.com\/wp-content\/uploads\/2025\/04\/puffed-snack-food-1-300x271.jpg 300w, https:\/\/dayiextrudermachine.com\/wp-content\/uploads\/2025\/04\/puffed-snack-food-1-600x542.jpg 600w\" sizes=\"(max-width: 764px) 100vw, 764px\" \/><\/p>\n<p>The key and key technology of the SLG twin screw food production line is the use of extrusion technology, which is the most &#8220;popular&#8221; and &#8220;high-tech&#8221; food processing technology in the world today. After being expanded, grains become larger in volume, fluffy in tissue, gelatinized in starch, and have an increase in water-soluble components, which are easily digested and absorbed by the human body. Therefore, they are widely welcomed by consumers from various countries.Our company&#8217;s fried snack production line mainly has three types of hosts to choose from, and the output and size of different hosts vary. Enterprises can decide based on their own production needs.<br \/>\nThe Most Cost-Effective Puffed Snack Food Extruder Making Machine Stainless Steel Frying Snacks Fully Automatic Fried French Chips Production Equipment<br \/>\nProcess flow of fried wheat flour snack production line: Mixer &#8211; Spiral extractor &#8211; Twin screw host &#8211; Traction cutting machine &#8211; Automatic fryer &#8211; Drum seasoning line<\/p>\n<p>Introduction aux principales fonctions de chaque \u00e9quipement de la cha\u00eene de production :<br \/>\n1. M\u00e9langeur : M\u00e9lange les mati\u00e8res premi\u00e8res et une certaine quantit\u00e9 d'eau n\u00e9cessaire \u00e0 la production de mani\u00e8re compl\u00e8te et r\u00e9guli\u00e8re afin de former les mat\u00e9riaux n\u00e9cessaires \u00e0 la production.<br \/>\n2. Alimentation en spirale : Les mati\u00e8res premi\u00e8res m\u00e9lang\u00e9es sont transport\u00e9es vers la tr\u00e9mie d'alimentation de l'extrudeuse, et l'utilisation d'une tige en spirale permet d'assurer une alimentation uniforme et stable sans dispersion facile. La tige en spirale a \u00e9galement une fonction d'agitation secondaire.<br \/>\n3. H\u00f4te \u00e0 double vis : les mat\u00e9riaux de production m\u00e9lang\u00e9s sont extrud\u00e9s et expans\u00e9s, et les mat\u00e9riaux sont soumis \u00e0 une extrusion et \u00e0 un malaxage \u00e0 haute temp\u00e9rature et \u00e0 haute pression dans l'extrudeuse, et enfin extrud\u00e9s et form\u00e9s par l'extrudeuse.<br \/>\n4. Machine de d\u00e9coupe par traction : Tirer et couper les produits semi-finis en produits de m\u00eame taille et de m\u00eame forme.<br \/>\n5. Friteuse automatique : Frire le produit coup\u00e9 pour lui donner un go\u00fbt croustillant. Les friteuses automatiques sont faciles \u00e0 contr\u00f4ler la temp\u00e9rature, hautement automatis\u00e9es et permettent une friture uniforme.<br \/>\n6. Machine \u00e0 assaisonner octogonale : Le produit frit est assaisonn\u00e9 et la saveur peut \u00eatre d\u00e9termin\u00e9e en fonction des besoins de production. Notre soci\u00e9t\u00e9 dispose \u00e9galement de diverses configurations d'\u00e9quipement d'assaisonnement.<\/p>\n<p><img decoding=\"async\" class=\"alignnone wp-image-5754\" src=\"https:\/\/dayiextrudermachine.com\/wp-content\/uploads\/2025\/04\/extruder-machine.jpg\" alt=\"\" width=\"1196\" height=\"386\" srcset=\"https:\/\/dayiextrudermachine.com\/wp-content\/uploads\/2025\/04\/extruder-machine.jpg 1069w, https:\/\/dayiextrudermachine.com\/wp-content\/uploads\/2025\/04\/extruder-machine-300x97.jpg 300w, https:\/\/dayiextrudermachine.com\/wp-content\/uploads\/2025\/04\/extruder-machine-1024x330.jpg 1024w, https:\/\/dayiextrudermachine.com\/wp-content\/uploads\/2025\/04\/extruder-machine-768x248.jpg 768w, https:\/\/dayiextrudermachine.com\/wp-content\/uploads\/2025\/04\/extruder-machine-600x194.jpg 600w\" sizes=\"(max-width: 1196px) 100vw, 1196px\" \/><\/p>\n<p>Equipment advantages:<\/p>\n<p>1. The motor and distribution box adopt direct transmission to reduce energy loss<br \/>\n2. Modular composite alloy material screw, which can be freely combined according to raw materials and products<br \/>\n3. The machine barrel is equipped with a water injection device, a fully automatic heating and circulating cooling system, and accurate temperature control<br \/>\n4. The feeding, rotary cutting, and main drive all adopt a frequency conversion speed control system, which has strong power and smooth operation<br \/>\n5. The feeding system adopts double spiral forced feeding<br \/>\n6. The rotary cutting device adopts a suspended mold assembly and a linear bearing knife adjustment device, which is safe, accurate, and fast.<br \/>\n7. Adopting imported bearings, with strong load-bearing capacity.<br \/>\n8. Automatic lubrication system reduces mechanical energy consumption and extends service life.<\/p>\n<p>&nbsp;<\/p>\n<p>La soci\u00e9t\u00e9 Jinan Dayi Expansion Machinery Co. a \u00e9t\u00e9 cr\u00e9\u00e9e en 1996, il y a plus de 20 ans, et son chiffre d'affaires annuel moyen est sup\u00e9rieur \u00e0 100 millions d'euros. Il s'agit d'une entreprise professionnelle de fabrication de machines d'expansion qui int\u00e8gre la recherche et le d\u00e9veloppement, la conception, la production et la fabrication, la vente de produits et le service apr\u00e8s-vente. C'est une entreprise nationale de haute technologie.<br \/>\nThe company has modern office space, research and development centers, and standardized factories, with a construction area of over 20000 square meters. It currently has more than 50 senior engineers and technical personnel, and has cultivated a production and service team with excellent technology and skills.<br \/>\nThe company&#8217;s business scope includes the development of food extrusion machinery, drying machinery, frying machinery, and puffing food machinery.<br \/>\nDa Yi Company has gained widespread praise both domestically and internationally since its development. The company&#8217;s equipment is exported to more than 50 countries and regions abroad, such as Egypt, Japan, Russia, India, Canada, Australia, etc.<br \/>\nDayi Company strives to provide food production equipment within its consumption capacity for every food manufacturer; In the future, we will continue to provide higher quality equipment and services as always.<\/p>\n<p><img decoding=\"async\" class=\"alignnone wp-image-5755\" src=\"https:\/\/dayiextrudermachine.com\/wp-content\/uploads\/2025\/04\/our-factory.jpg\" alt=\"\" width=\"921\" height=\"552\" srcset=\"https:\/\/dayiextrudermachine.com\/wp-content\/uploads\/2025\/04\/our-factory.jpg 499w, https:\/\/dayiextrudermachine.com\/wp-content\/uploads\/2025\/04\/our-factory-300x180.jpg 300w\" sizes=\"(max-width: 921px) 100vw, 921px\" \/><\/p>","protected":false},"excerpt":{"rendered":"<p>The Most Cost-Effective Puffed Snack Food Extruder Making Machine Stainless Steel Frying Snacks Fully Automatic Fried French Chips Production Equipment<br \/>\nProcess flow of fried wheat flour snack production line: Mixer &#8211; Spiral extractor &#8211; Twin screw host &#8211; Traction cutting machine &#8211; Automatic fryer &#8211; Drum seasoning line<\/p>","protected":false},"featured_media":6253,"template":"","meta":{"_acf_changed":false},"product_brand":[],"product_cat":[106],"product_tag":[119,118,120],"class_list":{"0":"post-5751","1":"product","2":"type-product","3":"status-publish","4":"has-post-thumbnail","6":"product_cat-puffed-snack-food-machine","7":"product_tag-corn-puffed-snack-food-machine","8":"product_tag-double-screw-extruder","9":"product_tag-puffed-snack-food-making-machine","11":"first","12":"instock","13":"shipping-taxable","14":"product-type-simple"},"acf":[],"_links":{"self":[{"href":"https:\/\/dayiextrudermachine.com\/fr\/wp-json\/wp\/v2\/product\/5751","targetHints":{"allow":["GET"]}}],"collection":[{"href":"https:\/\/dayiextrudermachine.com\/fr\/wp-json\/wp\/v2\/product"}],"about":[{"href":"https:\/\/dayiextrudermachine.com\/fr\/wp-json\/wp\/v2\/types\/product"}],"wp:featuredmedia":[{"embeddable":true,"href":"https:\/\/dayiextrudermachine.com\/fr\/wp-json\/wp\/v2\/media\/6253"}],"wp:attachment":[{"href":"https:\/\/dayiextrudermachine.com\/fr\/wp-json\/wp\/v2\/media?parent=5751"}],"wp:term":[{"taxonomy":"product_brand","embeddable":true,"href":"https:\/\/dayiextrudermachine.com\/fr\/wp-json\/wp\/v2\/product_brand?post=5751"},{"taxonomy":"product_cat","embeddable":true,"href":"https:\/\/dayiextrudermachine.com\/fr\/wp-json\/wp\/v2\/product_cat?post=5751"},{"taxonomy":"product_tag","embeddable":true,"href":"https:\/\/dayiextrudermachine.com\/fr\/wp-json\/wp\/v2\/product_tag?post=5751"}],"curies":[{"name":"wp","href":"https:\/\/api.w.org\/{rel}","templated":true}]}}